{"id":24054,"date":"2022-03-09T13:55:51","date_gmt":"2022-03-09T13:55:51","guid":{"rendered":"https:\/\/dasty.com\/prodotto\/dasty-higiena-kuchnia-lazienka\/"},"modified":"2026-04-03T08:34:55","modified_gmt":"2026-04-03T08:34:55","slug":"dasty-kitchen-bathroom-deep-clean","status":"publish","type":"product","link":"https:\/\/dasty.com\/pl\/prodotto\/dasty-kitchen-bathroom-deep-clean\/","title":{"rendered":"Dasty Kitchen &#038; Bathroom with Bleach"},"content":{"rendered":"","protected":false},"excerpt":{"rendered":"<h4>Czym jest<\/h4>\n<p>DASTY DO KUCHNI I \u0141AZIENKI Z WYBIELACZEM to skoncentrowany \u015brodek czyszcz\u0105cy przeznaczony do czyszczenia kuchni i \u0142azienki, kt\u00f3ry zapewnia dog\u0142\u0119bne czyszczenie. Dzi\u0119ki formule wzmacniaj\u0105cej skuteczno\u015b\u0107 wybielacza, idealnie nadaje si\u0119 do czyszczenia zlewu, lod\u00f3wki, p\u0142ytek, wanny, sanitariat\u00f3w, powierzchni prysznicowych, mebli ogrodowych i kosze na \u015bmieci.<\/p>\n<h4>Spos\u00f3b u\u017cycia<\/h4>\n<p>Rozpyli\u0107 produkt z odleg\u0142o\u015bci oko\u0142o 20 cm od czyszczonej powierzchni i przetrze\u0107 wilgotn\u0105 \u015bciereczk\u0105 lub g\u0105bk\u0105. W przypadku uporczywych zabrudze\u0144 lub trwa\u0142ych zapach\u00f3w pozostawi\u0107 produkt na kilka minut. [&#8230;]<\/p>\n<p><a class=\"btn btn-secondary understrap-read-more-link\" href=\"https:\/\/dasty.com\/pl\/prodotto\/dasty-kitchen-bathroom-deep-clean\/\">Czytaj dalej\u2026<\/a><\/p>\n","protected":false},"featured_media":24528,"comment_status":"open","ping_status":"closed","template":"","meta":[],"product_cat":[2505,2506,2507],"product_tag":[],"class_list":["post-24054","product","type-product","status-publish","has-post-thumbnail","hentry","product_cat-wszystkie-produkty","product_cat-pielegnacja-wnetrz-domowych","product_cat-pielegnacja-elewacji-domu"],"_links":{"self":[{"href":"https:\/\/dasty.com\/pl\/wp-json\/wp\/v2\/product\/24054","targetHints":{"allow":["GET"]}}],"collection":[{"href":"https:\/\/dasty.com\/pl\/wp-json\/wp\/v2\/product"}],"about":[{"href":"https:\/\/dasty.com\/pl\/wp-json\/wp\/v2\/types\/product"}],"replies":[{"embeddable":true,"href":"https:\/\/dasty.com\/pl\/wp-json\/wp\/v2\/comments?post=24054"}],"wp:featuredmedia":[{"embeddable":true,"href":"https:\/\/dasty.com\/pl\/wp-json\/wp\/v2\/media\/24528"}],"wp:attachment":[{"href":"https:\/\/dasty.com\/pl\/wp-json\/wp\/v2\/media?parent=24054"}],"wp:term":[{"taxonomy":"product_cat","embeddable":true,"href":"https:\/\/dasty.com\/pl\/wp-json\/wp\/v2\/product_cat?post=24054"},{"taxonomy":"product_tag","embeddable":true,"href":"https:\/\/dasty.com\/pl\/wp-json\/wp\/v2\/product_tag?post=24054"}],"curies":[{"name":"wp","href":"https:\/\/api.w.org\/{rel}","templated":true}]}}