{"id":24052,"date":"2022-03-09T08:50:46","date_gmt":"2022-03-09T08:50:46","guid":{"rendered":"https:\/\/dasty.com\/prodotto\/dasty-multisurface-glass-gold-vibe\/"},"modified":"2026-03-10T13:55:19","modified_gmt":"2026-03-10T13:55:19","slug":"dasty-multisurface-glass-gold-vibe","status":"publish","type":"product","link":"https:\/\/dasty.com\/pl\/prodotto\/dasty-multisurface-glass-gold-vibe\/","title":{"rendered":"Dasty MultiSurface &#038; Glass | Gold Vibe"},"content":{"rendered":"","protected":false},"excerpt":{"rendered":"<h4>Czym jest<\/h4>\n<p>DASTY MULTISURFACE &amp; GLASS to silnie perfumowany detergent do czyszczenia szk\u0142a, okien, luster, kryszta\u0142\u00f3w, szyb samochodowych, powierzchni ze stali nierdzewnej oraz wszystkich zmywalnych powierzchni. Wychwytuje kurz skuteczniej ni\u017c sama sucha \u015bciereczka, usuwaj\u0105c plamy i zabrudzenia ze wszystkich powierzchni. Nie pozostawia smug. Idealny do codziennego u\u017cytku, pozostawia intensywny zapach we wszystkich pomieszczeniach.<\/p>\n<h4>Spos\u00f3b u\u017cycia<\/h4>\n<p>Spryska\u0107 z odleg\u0142o\u015bci oko\u0142o 20-25 cm od czyszczonej powierzchni. Wytrze\u0107 such\u0105 \u015bciereczk\u0105 lub papierem. [&#8230;]<\/p>\n<p><a class=\"btn btn-secondary understrap-read-more-link\" href=\"https:\/\/dasty.com\/pl\/prodotto\/dasty-multisurface-glass-gold-vibe\/\">Czytaj dalej\u2026<\/a><\/p>\n","protected":false},"featured_media":22580,"comment_status":"open","ping_status":"closed","template":"","meta":[],"product_cat":[2506,2508,2505],"product_tag":[],"class_list":["post-24052","product","type-product","status-publish","has-post-thumbnail","hentry","product_cat-pielegnacja-wnetrz-domowych","product_cat-zrob-to-sam-i-wiecej","product_cat-wszystkie-produkty"],"_links":{"self":[{"href":"https:\/\/dasty.com\/pl\/wp-json\/wp\/v2\/product\/24052","targetHints":{"allow":["GET"]}}],"collection":[{"href":"https:\/\/dasty.com\/pl\/wp-json\/wp\/v2\/product"}],"about":[{"href":"https:\/\/dasty.com\/pl\/wp-json\/wp\/v2\/types\/product"}],"replies":[{"embeddable":true,"href":"https:\/\/dasty.com\/pl\/wp-json\/wp\/v2\/comments?post=24052"}],"wp:featuredmedia":[{"embeddable":true,"href":"https:\/\/dasty.com\/pl\/wp-json\/wp\/v2\/media\/22580"}],"wp:attachment":[{"href":"https:\/\/dasty.com\/pl\/wp-json\/wp\/v2\/media?parent=24052"}],"wp:term":[{"taxonomy":"product_cat","embeddable":true,"href":"https:\/\/dasty.com\/pl\/wp-json\/wp\/v2\/product_cat?post=24052"},{"taxonomy":"product_tag","embeddable":true,"href":"https:\/\/dasty.com\/pl\/wp-json\/wp\/v2\/product_tag?post=24052"}],"curies":[{"name":"wp","href":"https:\/\/api.w.org\/{rel}","templated":true}]}}