{"id":24051,"date":"2021-12-09T13:14:48","date_gmt":"2021-12-09T13:14:48","guid":{"rendered":"https:\/\/dasty.com\/prodotto\/dasty-multisurface-glass-pink-soul\/"},"modified":"2026-03-10T14:03:57","modified_gmt":"2026-03-10T14:03:57","slug":"dasty-multisurface-glass-pink-soul","status":"publish","type":"product","link":"https:\/\/dasty.com\/pl\/prodotto\/dasty-multisurface-glass-pink-soul\/","title":{"rendered":"Dasty MultiSurface &#038; Glass | Pink Soul"},"content":{"rendered":"","protected":false},"excerpt":{"rendered":"<h4>Czym jest<\/h4>\n<p>DASTY MULTISURFACE &amp; GLASS to silnie perfumowany detergent do czyszczenia szk\u0142a, okien, luster, kryszta\u0142\u00f3w, szyb samochodowych, powierzchni ze stali nierdzewnej oraz wszystkich zmywalnych powierzchni. Wychwytuje kurz skuteczniej ni\u017c sama sucha \u015bciereczka, usuwaj\u0105c plamy i zabrudzenia ze wszystkich powierzchni. Nie pozostawia smug. Idealny do codziennego u\u017cytku, pozostawia intensywny zapach w ka\u017cdym pomieszczeniu.<\/p>\n<h4>Spos\u00f3b u\u017cycia<\/h4>\n<p>Spryska\u0107 z odleg\u0142o\u015bci oko\u0142o 20\u201325 cm od czyszczonej powierzchni. Przetrze\u0107 such\u0105 \u015bciereczk\u0105 lub papierem.<\/p>\n<p><a href=\"https:\/\/www.youtube.com\/watch?v=bDaUmsJUHic&amp;list=PLxcBoUFslG-1Y-2MESU96wLuj_ElUXjuW\"><strong>OBEJRZYJ TUTORIALE<\/strong><\/a> [&#8230;]<\/p>\n<p><a class=\"btn btn-secondary understrap-read-more-link\" href=\"https:\/\/dasty.com\/pl\/prodotto\/dasty-multisurface-glass-pink-soul\/\">Czytaj dalej\u2026<\/a><\/p>\n","protected":false},"featured_media":22587,"comment_status":"open","ping_status":"closed","template":"","meta":[],"product_cat":[2505,2506,2508],"product_tag":[],"class_list":["post-24051","product","type-product","status-publish","has-post-thumbnail","hentry","product_cat-wszystkie-produkty","product_cat-pielegnacja-wnetrz-domowych","product_cat-zrob-to-sam-i-wiecej"],"_links":{"self":[{"href":"https:\/\/dasty.com\/pl\/wp-json\/wp\/v2\/product\/24051","targetHints":{"allow":["GET"]}}],"collection":[{"href":"https:\/\/dasty.com\/pl\/wp-json\/wp\/v2\/product"}],"about":[{"href":"https:\/\/dasty.com\/pl\/wp-json\/wp\/v2\/types\/product"}],"replies":[{"embeddable":true,"href":"https:\/\/dasty.com\/pl\/wp-json\/wp\/v2\/comments?post=24051"}],"wp:featuredmedia":[{"embeddable":true,"href":"https:\/\/dasty.com\/pl\/wp-json\/wp\/v2\/media\/22587"}],"wp:attachment":[{"href":"https:\/\/dasty.com\/pl\/wp-json\/wp\/v2\/media?parent=24051"}],"wp:term":[{"taxonomy":"product_cat","embeddable":true,"href":"https:\/\/dasty.com\/pl\/wp-json\/wp\/v2\/product_cat?post=24051"},{"taxonomy":"product_tag","embeddable":true,"href":"https:\/\/dasty.com\/pl\/wp-json\/wp\/v2\/product_tag?post=24051"}],"curies":[{"name":"wp","href":"https:\/\/api.w.org\/{rel}","templated":true}]}}