{"id":24050,"date":"2021-12-09T10:53:53","date_gmt":"2021-12-09T10:53:53","guid":{"rendered":"https:\/\/dasty.com\/prodotto\/dasty-bathroom-antikalk\/"},"modified":"2026-03-10T14:07:32","modified_gmt":"2026-03-10T14:07:32","slug":"dasty-bathroom-antikalk","status":"publish","type":"product","link":"https:\/\/dasty.com\/pl\/prodotto\/dasty-bathroom-antikalk\/","title":{"rendered":"Dasty Bathroom Antikalk"},"content":{"rendered":"","protected":false},"excerpt":{"rendered":"<h4>Co to jest<\/h4>\n<p>DASTY BATHROOM ANTIKALK usuwa kamie\u0144 ze wszystkich armatur \u0142azienkowych i zlewozmywak\u00f3w kuchennych. Skuteczny i delikatny, nie uszkadza chromowanych cz\u0119\u015bci, a tak\u017ce dzia\u0142a na rdz\u0119. Jego intensywny zapach pozostawia fantastyczne uczucie czysto\u015bci, kt\u00f3re utrzymuje si\u0119 przez d\u0142ugi czas. U\u017cywany codziennie, nawet wewn\u0105trz kabiny prysznicowej, zapobiega osadzaniu si\u0119 kamienia, utrzymuj\u0105c powierzchnie l\u015bni\u0105ce.<\/p>\n<h4>Spos\u00f3b u\u017cycia<\/h4>\n<p>Spryska\u0107, przetrze\u0107 g\u0105bk\u0105 i pozostawi\u0107 na kilka sekund. Dok\u0142adnie sp\u0142uka\u0107 wod\u0105.<\/p>\n<p><a href=\"https:\/\/www.youtube.com\/playlist?list=PLxcBoUFslG-2Msg2LTxIB8idcrOuWifdC\"><strong>ZOBACZ PORADNIKI<\/strong><\/a> [&#8230;]<\/p>\n<p><a class=\"btn btn-secondary understrap-read-more-link\" href=\"https:\/\/dasty.com\/pl\/prodotto\/dasty-bathroom-antikalk\/\">Czytaj dalej\u2026<\/a><\/p>\n","protected":false},"featured_media":22589,"comment_status":"open","ping_status":"closed","template":"","meta":[],"product_cat":[2507,2505,2506],"product_tag":[],"class_list":["post-24050","product","type-product","status-publish","has-post-thumbnail","hentry","product_cat-pielegnacja-elewacji-domu","product_cat-wszystkie-produkty","product_cat-pielegnacja-wnetrz-domowych"],"_links":{"self":[{"href":"https:\/\/dasty.com\/pl\/wp-json\/wp\/v2\/product\/24050","targetHints":{"allow":["GET"]}}],"collection":[{"href":"https:\/\/dasty.com\/pl\/wp-json\/wp\/v2\/product"}],"about":[{"href":"https:\/\/dasty.com\/pl\/wp-json\/wp\/v2\/types\/product"}],"replies":[{"embeddable":true,"href":"https:\/\/dasty.com\/pl\/wp-json\/wp\/v2\/comments?post=24050"}],"wp:featuredmedia":[{"embeddable":true,"href":"https:\/\/dasty.com\/pl\/wp-json\/wp\/v2\/media\/22589"}],"wp:attachment":[{"href":"https:\/\/dasty.com\/pl\/wp-json\/wp\/v2\/media?parent=24050"}],"wp:term":[{"taxonomy":"product_cat","embeddable":true,"href":"https:\/\/dasty.com\/pl\/wp-json\/wp\/v2\/product_cat?post=24050"},{"taxonomy":"product_tag","embeddable":true,"href":"https:\/\/dasty.com\/pl\/wp-json\/wp\/v2\/product_tag?post=24050"}],"curies":[{"name":"wp","href":"https:\/\/api.w.org\/{rel}","templated":true}]}}