{"id":24049,"date":"2022-01-17T13:47:09","date_gmt":"2022-01-17T13:47:09","guid":{"rendered":"https:\/\/dasty.com\/prodotto\/dasty-stal-nierdzewna-i-plyty-indukcyjne\/"},"modified":"2026-03-10T14:01:04","modified_gmt":"2026-03-10T14:01:04","slug":"dasty-stal-nierdzewna-i-plyty-indukcyjne","status":"publish","type":"product","link":"https:\/\/dasty.com\/pl\/prodotto\/dasty-stal-nierdzewna-i-plyty-indukcyjne\/","title":{"rendered":"Dasty Stainless Steel &#038; Induction Hobs"},"content":{"rendered":"","protected":false},"excerpt":{"rendered":"<h4>Czym jest<\/h4>\n<p>DASTY STAL NIERDZEWNA I P\u0141YTY INDUKCYJNE to rewolucyjny i innowacyjny produkt. Zaprojektowany w celu skr\u00f3cenia czasu czyszczenia i uzyskania najlepszych rezultat\u00f3w, dba o wszystkie powierzchnie ze stali nierdzewnej (okapy, lod\u00f3wki, zlewozmywaki, pow\u0142oki, blaty robocze, baterie, windy), przywracaj\u0105c im pierwotny blask. Idealnie nadaje si\u0119 r\u00f3wnie\u017c do czyszczenia p\u0142yt indukcyjnych. Przy prawid\u0142owym u\u017cyciu NIE WYMAGA SP\u0141UKIWANIA.<\/p>\n<h4>Spos\u00f3b u\u017cycia<\/h4>\n<p>Spryska\u0107 bezpo\u015brednio powierzchni\u0119, wytrze\u0107 such\u0105, mi\u0119kk\u0105 i czyst\u0105 \u015bciereczk\u0105 (lub r\u0119cznikiem papierowym) do ca\u0142kowitego wyschni\u0119cia. NIE sp\u0142ukiwa\u0107 wod\u0105 ani wilgotn\u0105 \u015bciereczk\u0105. Ewentualna obecno\u015b\u0107 pozosta\u0142ych smug wskazuje, \u017ce powierzchnia nie jest jeszcze idealnie czysta, dlatego nale\u017cy powt\u00f3rzy\u0107 zabieg. [&#8230;]<\/p>\n<p><a class=\"btn btn-secondary understrap-read-more-link\" href=\"https:\/\/dasty.com\/pl\/prodotto\/dasty-stal-nierdzewna-i-plyty-indukcyjne\/\">Czytaj dalej\u2026<\/a><\/p>\n","protected":false},"featured_media":22584,"comment_status":"open","ping_status":"closed","template":"","meta":[],"product_cat":[2507,2508,2505,2506],"product_tag":[],"class_list":["post-24049","product","type-product","status-publish","has-post-thumbnail","hentry","product_cat-pielegnacja-elewacji-domu","product_cat-zrob-to-sam-i-wiecej","product_cat-wszystkie-produkty","product_cat-pielegnacja-wnetrz-domowych"],"_links":{"self":[{"href":"https:\/\/dasty.com\/pl\/wp-json\/wp\/v2\/product\/24049","targetHints":{"allow":["GET"]}}],"collection":[{"href":"https:\/\/dasty.com\/pl\/wp-json\/wp\/v2\/product"}],"about":[{"href":"https:\/\/dasty.com\/pl\/wp-json\/wp\/v2\/types\/product"}],"replies":[{"embeddable":true,"href":"https:\/\/dasty.com\/pl\/wp-json\/wp\/v2\/comments?post=24049"}],"wp:featuredmedia":[{"embeddable":true,"href":"https:\/\/dasty.com\/pl\/wp-json\/wp\/v2\/media\/22584"}],"wp:attachment":[{"href":"https:\/\/dasty.com\/pl\/wp-json\/wp\/v2\/media?parent=24049"}],"wp:term":[{"taxonomy":"product_cat","embeddable":true,"href":"https:\/\/dasty.com\/pl\/wp-json\/wp\/v2\/product_cat?post=24049"},{"taxonomy":"product_tag","embeddable":true,"href":"https:\/\/dasty.com\/pl\/wp-json\/wp\/v2\/product_tag?post=24049"}],"curies":[{"name":"wp","href":"https:\/\/api.w.org\/{rel}","templated":true}]}}