{"id":24047,"date":"2022-01-15T12:05:54","date_gmt":"2022-01-15T12:05:54","guid":{"rendered":"https:\/\/dasty.com\/prodotto\/dasty-multisurface-glass-white-musk\/"},"modified":"2026-03-10T14:03:07","modified_gmt":"2026-03-10T14:03:07","slug":"dasty-multisurface-glass-white-musk","status":"publish","type":"product","link":"https:\/\/dasty.com\/pl\/prodotto\/dasty-multisurface-glass-white-musk\/","title":{"rendered":"Dasty Multisurface &#038; Glass | White Musk"},"content":{"rendered":"","protected":false},"excerpt":{"rendered":"<h4>Czym jest<\/h4>\n<p>DASTY MULTISURFACE &amp; GLASS to super-perfumowany detergent do czyszczenia szk\u0142a, okien, luster, kryszta\u0142\u00f3w, szyb samochodowych, powierzchni ze stali nierdzewnej oraz wszystkich zmywalnych powierzchni. Usuwa kurz skuteczniej ni\u017c sama sucha \u015bciereczka, eliminuj\u0105c plamy i \u015blady ze wszystkich powierzchni. Nie pozostawia smug. Idealny do codziennego u\u017cytku, pozostawia intensywny zapach w ka\u017cdym pomieszczeniu.<\/p>\n<h4>Spos\u00f3b u\u017cycia<\/h4>\n<p>Spryska\u0107 z odleg\u0142o\u015bci oko\u0142o 20\u201325 cm od czyszczonej powierzchni. Przetrze\u0107 such\u0105 \u015bciereczk\u0105 lub papierem.<\/p>\n<p style=\"text-align: left;\"><a href=\"https:\/\/www.youtube.com\/watch?v=G9yGmUleveM&amp;list=PLxcBoUFslG-03D1dg-AZYFVEgfkAYpvn-&amp;pp=iAQB\"><strong>ZOBACZ TUTORIALE<\/strong><\/a><\/p>\n<p> [&#8230;]<\/p>\n<p><a class=\"btn btn-secondary understrap-read-more-link\" href=\"https:\/\/dasty.com\/pl\/prodotto\/dasty-multisurface-glass-white-musk\/\">Czytaj dalej\u2026<\/a><\/p>\n","protected":false},"featured_media":22586,"comment_status":"open","ping_status":"closed","template":"","meta":[],"product_cat":[2506,2507,2508,2505],"product_tag":[],"class_list":["post-24047","product","type-product","status-publish","has-post-thumbnail","hentry","product_cat-pielegnacja-wnetrz-domowych","product_cat-pielegnacja-elewacji-domu","product_cat-zrob-to-sam-i-wiecej","product_cat-wszystkie-produkty"],"_links":{"self":[{"href":"https:\/\/dasty.com\/pl\/wp-json\/wp\/v2\/product\/24047","targetHints":{"allow":["GET"]}}],"collection":[{"href":"https:\/\/dasty.com\/pl\/wp-json\/wp\/v2\/product"}],"about":[{"href":"https:\/\/dasty.com\/pl\/wp-json\/wp\/v2\/types\/product"}],"replies":[{"embeddable":true,"href":"https:\/\/dasty.com\/pl\/wp-json\/wp\/v2\/comments?post=24047"}],"wp:featuredmedia":[{"embeddable":true,"href":"https:\/\/dasty.com\/pl\/wp-json\/wp\/v2\/media\/22586"}],"wp:attachment":[{"href":"https:\/\/dasty.com\/pl\/wp-json\/wp\/v2\/media?parent=24047"}],"wp:term":[{"taxonomy":"product_cat","embeddable":true,"href":"https:\/\/dasty.com\/pl\/wp-json\/wp\/v2\/product_cat?post=24047"},{"taxonomy":"product_tag","embeddable":true,"href":"https:\/\/dasty.com\/pl\/wp-json\/wp\/v2\/product_tag?post=24047"}],"curies":[{"name":"wp","href":"https:\/\/api.w.org\/{rel}","templated":true}]}}