{"id":24045,"date":"2022-01-17T13:43:04","date_gmt":"2022-01-17T13:43:04","guid":{"rendered":"https:\/\/dasty.com\/prodotto\/dasty-lazienka-deo-clean\/"},"modified":"2026-03-10T14:02:11","modified_gmt":"2026-03-10T14:02:11","slug":"dasty-lazienka-deo-clean","status":"publish","type":"product","link":"https:\/\/dasty.com\/pl\/prodotto\/dasty-lazienka-deo-clean\/","title":{"rendered":"Dasty Bathroom Deo &#038; Clean"},"content":{"rendered":"","protected":false},"excerpt":{"rendered":"<h4>Czym jest<\/h4>\n<p>DASTY BATHROOM DEO &amp; CLEAN to super perfumowany \u015brodek czyszcz\u0105cy, kt\u00f3ry dba o wszystkie powierzchnie w \u0142azience. Dzi\u0119ki innowacyjnej, bezkwasowej formule mo\u017ce by\u0107 bezpiecznie stosowany nawet na marmurze. Usuwa wszelkie pozosta\u0142o\u015bci brudu, zapewniaj\u0105c delikatne dzia\u0142anie dezynfekuj\u0105ce. Idealny do codziennego u\u017cytku, pozostawia fantastyczne uczucie prawdziwej czysto\u015bci, kt\u00f3re utrzymuje si\u0119 przez d\u0142ugi czas.<\/p>\n<h4>Spos\u00f3b u\u017cycia<\/h4>\n<p>Spryska\u0107 bezpo\u015brednio na powierzchni\u0119 i przetrze\u0107 wilgotn\u0105 szmatk\u0105 lub g\u0105bk\u0105. W przypadku szczeg\u00f3lnie uporczywych i trudnych zabrudze\u0144 pozostawi\u0107 na kilka minut, a nast\u0119pnie sp\u0142uka\u0107. Aby od\u015bwie\u017cy\u0107 powietrze, rozpyli\u0107 wewn\u0105trz toalety.<\/p>\n<p><a href=\"https:\/\/www.youtube.com\/watch?v=TsHC2L7FZ4o&amp;list=PLxcBoUFslG-2X7bl7K3zLLGczNHV3qByZ\"><strong>OBEJRZYJ PORADNIKI<\/strong><\/a> [&#8230;]<\/p>\n<p><a class=\"btn btn-secondary understrap-read-more-link\" href=\"https:\/\/dasty.com\/pl\/prodotto\/dasty-lazienka-deo-clean\/\">Czytaj dalej\u2026<\/a><\/p>\n","protected":false},"featured_media":22585,"comment_status":"open","ping_status":"closed","template":"","meta":[],"product_cat":[2505,2506],"product_tag":[],"class_list":["post-24045","product","type-product","status-publish","has-post-thumbnail","hentry","product_cat-wszystkie-produkty","product_cat-pielegnacja-wnetrz-domowych"],"_links":{"self":[{"href":"https:\/\/dasty.com\/pl\/wp-json\/wp\/v2\/product\/24045","targetHints":{"allow":["GET"]}}],"collection":[{"href":"https:\/\/dasty.com\/pl\/wp-json\/wp\/v2\/product"}],"about":[{"href":"https:\/\/dasty.com\/pl\/wp-json\/wp\/v2\/types\/product"}],"replies":[{"embeddable":true,"href":"https:\/\/dasty.com\/pl\/wp-json\/wp\/v2\/comments?post=24045"}],"wp:featuredmedia":[{"embeddable":true,"href":"https:\/\/dasty.com\/pl\/wp-json\/wp\/v2\/media\/22585"}],"wp:attachment":[{"href":"https:\/\/dasty.com\/pl\/wp-json\/wp\/v2\/media?parent=24045"}],"wp:term":[{"taxonomy":"product_cat","embeddable":true,"href":"https:\/\/dasty.com\/pl\/wp-json\/wp\/v2\/product_cat?post=24045"},{"taxonomy":"product_tag","embeddable":true,"href":"https:\/\/dasty.com\/pl\/wp-json\/wp\/v2\/product_tag?post=24045"}],"curies":[{"name":"wp","href":"https:\/\/api.w.org\/{rel}","templated":true}]}}