{"id":24044,"date":"2022-03-09T09:06:25","date_gmt":"2022-03-09T09:06:25","guid":{"rendered":"https:\/\/dasty.com\/prodotto\/dasty-uniwersalny-srodek-czyszczacy\/"},"modified":"2026-03-10T13:53:39","modified_gmt":"2026-03-10T13:53:39","slug":"dasty-uniwersalny-srodek-czyszczacy","status":"publish","type":"product","link":"https:\/\/dasty.com\/pl\/prodotto\/dasty-uniwersalny-srodek-czyszczacy\/","title":{"rendered":"Dasty Gel Multi-Surface Care"},"content":{"rendered":"","protected":false},"excerpt":{"rendered":"<h4>Czym jest<\/h4>\n<p>DASTY GEL MULTISURFACE CARE zawiera specjalny \u015brodek poleruj\u0105cy, kt\u00f3ry przy codziennym u\u017cyciu przywraca pierwotny blask pod\u0142ogom, usuwaj\u0105c wszelkie zabrudzenia i pozostawiaj\u0105c intensywny zapach. Idealny do wszystkich powierzchni, dost\u0119pny w 2 przyjemnych zapachach. Dasty Gel Multi-Surface Care: prawdziwy kosmetyk dla Twojego domu.<\/p>\n<h4>Spos\u00f3b u\u017cycia<\/h4>\n<p>Rozcie\u0144czy\u0107 3 nakr\u0119tki w 5 litrach wody. Nie wymaga sp\u0142ukiwania. [&#8230;]<\/p>\n<p><a class=\"btn btn-secondary understrap-read-more-link\" href=\"https:\/\/dasty.com\/pl\/prodotto\/dasty-uniwersalny-srodek-czyszczacy\/\">Czytaj dalej\u2026<\/a><\/p>\n","protected":false},"featured_media":22714,"comment_status":"open","ping_status":"closed","template":"","meta":[],"product_cat":[2506,2505],"product_tag":[],"class_list":["post-24044","product","type-product","status-publish","has-post-thumbnail","hentry","product_cat-pielegnacja-wnetrz-domowych","product_cat-wszystkie-produkty"],"_links":{"self":[{"href":"https:\/\/dasty.com\/pl\/wp-json\/wp\/v2\/product\/24044","targetHints":{"allow":["GET"]}}],"collection":[{"href":"https:\/\/dasty.com\/pl\/wp-json\/wp\/v2\/product"}],"about":[{"href":"https:\/\/dasty.com\/pl\/wp-json\/wp\/v2\/types\/product"}],"replies":[{"embeddable":true,"href":"https:\/\/dasty.com\/pl\/wp-json\/wp\/v2\/comments?post=24044"}],"wp:featuredmedia":[{"embeddable":true,"href":"https:\/\/dasty.com\/pl\/wp-json\/wp\/v2\/media\/22714"}],"wp:attachment":[{"href":"https:\/\/dasty.com\/pl\/wp-json\/wp\/v2\/media?parent=24044"}],"wp:term":[{"taxonomy":"product_cat","embeddable":true,"href":"https:\/\/dasty.com\/pl\/wp-json\/wp\/v2\/product_cat?post=24044"},{"taxonomy":"product_tag","embeddable":true,"href":"https:\/\/dasty.com\/pl\/wp-json\/wp\/v2\/product_tag?post=24044"}],"curies":[{"name":"wp","href":"https:\/\/api.w.org\/{rel}","templated":true}]}}