{"id":24043,"date":"2022-01-17T15:16:34","date_gmt":"2022-01-17T15:16:34","guid":{"rendered":"https:\/\/dasty.com\/prodotto\/dasty-super-degreaser\/"},"modified":"2026-03-10T13:59:37","modified_gmt":"2026-03-10T13:59:37","slug":"dasty-super-degreaser","status":"publish","type":"product","link":"https:\/\/dasty.com\/pl\/prodotto\/dasty-super-degreaser\/","title":{"rendered":"Dasty Super Degreaser"},"content":{"rendered":"","protected":false},"excerpt":{"rendered":"<h4>Czym jest<\/h4>\n<p>DASTY SUPER DEGREASER, oryginalny uniwersalny odt\u0142uszczacz, to idealne rozwi\u0105zanie wewn\u0105trz i na zewn\u0105trz domu, w gara\u017cu i w ogrodzie: piekarniki, p\u0142yty grzewcze, okapy, grille, krajalnice, pod\u0142ogi, naczynia (wst\u0119pne czyszczenie), buty sportowe, motocykle, rowery, mankiety i ko\u0142nierzyki (wst\u0119pne czyszczenie) oraz wiele innych trudnych plam \u2013 odkryj ponad 100 zastosowa\u0144 na naszej stronie www.dastydegreaser.com<\/p>\n<h4>Spos\u00f3b u\u017cycia<\/h4>\n<p>W przypadku uporczywych plam pozostawi\u0107 na nie d\u0142u\u017cej ni\u017c 3 minuty, nast\u0119pnie sp\u0142uka\u0107. Piekarniki: stosowa\u0107 w temperaturze maks. 40\u201350 \u00b0C. Filtry okap\u00f3w i cz\u0119\u015bci mechaniczne: rozcie\u0144czy\u0107 w 50% w misce, zanurzy\u0107 cz\u0119\u015bci do czyszczenia, pozostawi\u0107 na maks. 10 min. Sp\u0142uka\u0107. [&#8230;]<\/p>\n<p><a class=\"btn btn-secondary understrap-read-more-link\" href=\"https:\/\/dasty.com\/pl\/prodotto\/dasty-super-degreaser\/\">Czytaj dalej\u2026<\/a><\/p>\n","protected":false},"featured_media":22633,"comment_status":"open","ping_status":"closed","template":"","meta":[],"product_cat":[2507,2509,2505,2506],"product_tag":[],"class_list":["post-24043","product","type-product","status-publish","has-post-thumbnail","hentry","product_cat-pielegnacja-elewacji-domu","product_cat-pielegnacja-prania","product_cat-wszystkie-produkty","product_cat-pielegnacja-wnetrz-domowych"],"_links":{"self":[{"href":"https:\/\/dasty.com\/pl\/wp-json\/wp\/v2\/product\/24043","targetHints":{"allow":["GET"]}}],"collection":[{"href":"https:\/\/dasty.com\/pl\/wp-json\/wp\/v2\/product"}],"about":[{"href":"https:\/\/dasty.com\/pl\/wp-json\/wp\/v2\/types\/product"}],"replies":[{"embeddable":true,"href":"https:\/\/dasty.com\/pl\/wp-json\/wp\/v2\/comments?post=24043"}],"wp:featuredmedia":[{"embeddable":true,"href":"https:\/\/dasty.com\/pl\/wp-json\/wp\/v2\/media\/22633"}],"wp:attachment":[{"href":"https:\/\/dasty.com\/pl\/wp-json\/wp\/v2\/media?parent=24043"}],"wp:term":[{"taxonomy":"product_cat","embeddable":true,"href":"https:\/\/dasty.com\/pl\/wp-json\/wp\/v2\/product_cat?post=24043"},{"taxonomy":"product_tag","embeddable":true,"href":"https:\/\/dasty.com\/pl\/wp-json\/wp\/v2\/product_tag?post=24043"}],"curies":[{"name":"wp","href":"https:\/\/api.w.org\/{rel}","templated":true}]}}