{"id":24042,"date":"2022-03-09T16:30:05","date_gmt":"2022-03-09T16:30:05","guid":{"rendered":"https:\/\/dasty.com\/prodotto\/dasty-zel-do-pielegnacji-toalet\/"},"modified":"2026-03-10T13:46:26","modified_gmt":"2026-03-10T13:46:26","slug":"dasty-zel-do-pielegnacji-toalet","status":"publish","type":"product","link":"https:\/\/dasty.com\/pl\/prodotto\/dasty-zel-do-pielegnacji-toalet\/","title":{"rendered":"Dasty Gel Toilet Care | Ocean &#038; Floral"},"content":{"rendered":"","protected":false},"excerpt":{"rendered":"<h4>Czym jest<\/h4>\n<p>DASTY GEL TOILET CARE uwalnia intensywny i d\u0142ugotrwa\u0142y zapach w ca\u0142ym pomieszczeniu, jednocze\u015bnie dok\u0142adnie czyszcz\u0105c toalet\u0119. Stosowany codziennie, usuwa kamie\u0144 osadzaj\u0105cy si\u0119 przy ka\u017cdym sp\u0142ukaniu i dezynfekuje toalet\u0119 tu\u017c pod kraw\u0119dzi\u0105. Dost\u0119pny w 2 intensywnych zapachach.<\/p>\n<h4>Spos\u00f3b u\u017cycia<\/h4>\n<p>Nacisn\u0105\u0107 boki nakr\u0119tki w oznaczonych miejscach i odkr\u0119ci\u0107. Obficie wla\u0107 Dasty Gel Toilet Care pod kraw\u0119d\u017a i na \u015bcianki toalety. Dla optymalnego czyszczenia i przyjemnego zapachu w ca\u0142ej \u0142azience nie sp\u0142ukiwa\u0107 produktu. [&#8230;]<\/p>\n<p><a class=\"btn btn-secondary understrap-read-more-link\" href=\"https:\/\/dasty.com\/pl\/prodotto\/dasty-zel-do-pielegnacji-toalet\/\">Czytaj dalej\u2026<\/a><\/p>\n","protected":false},"featured_media":22716,"comment_status":"open","ping_status":"closed","template":"","meta":[],"product_cat":[2506,2505],"product_tag":[],"class_list":["post-24042","product","type-product","status-publish","has-post-thumbnail","hentry","product_cat-pielegnacja-wnetrz-domowych","product_cat-wszystkie-produkty"],"_links":{"self":[{"href":"https:\/\/dasty.com\/pl\/wp-json\/wp\/v2\/product\/24042","targetHints":{"allow":["GET"]}}],"collection":[{"href":"https:\/\/dasty.com\/pl\/wp-json\/wp\/v2\/product"}],"about":[{"href":"https:\/\/dasty.com\/pl\/wp-json\/wp\/v2\/types\/product"}],"replies":[{"embeddable":true,"href":"https:\/\/dasty.com\/pl\/wp-json\/wp\/v2\/comments?post=24042"}],"wp:featuredmedia":[{"embeddable":true,"href":"https:\/\/dasty.com\/pl\/wp-json\/wp\/v2\/media\/22716"}],"wp:attachment":[{"href":"https:\/\/dasty.com\/pl\/wp-json\/wp\/v2\/media?parent=24042"}],"wp:term":[{"taxonomy":"product_cat","embeddable":true,"href":"https:\/\/dasty.com\/pl\/wp-json\/wp\/v2\/product_cat?post=24042"},{"taxonomy":"product_tag","embeddable":true,"href":"https:\/\/dasty.com\/pl\/wp-json\/wp\/v2\/product_tag?post=24042"}],"curies":[{"name":"wp","href":"https:\/\/api.w.org\/{rel}","templated":true}]}}