{"id":24041,"date":"2022-03-09T16:08:04","date_gmt":"2022-03-09T16:08:04","guid":{"rendered":"https:\/\/dasty.com\/prodotto\/dasty-wood-laminate-care\/"},"modified":"2026-03-10T13:47:49","modified_gmt":"2026-03-10T13:47:49","slug":"dasty-wood-laminate-care","status":"publish","type":"product","link":"https:\/\/dasty.com\/pl\/prodotto\/dasty-wood-laminate-care\/","title":{"rendered":"Dasty Wood &#038; Laminate Care"},"content":{"rendered":"","protected":false},"excerpt":{"rendered":"<h4>Czym jest<\/h4>\n<p>DASTY WOOD &amp; LAMINATE CARE to delikatny \u017cel o s\u0142odkim i przyjemnym zapachu, przeznaczony do czyszczenia pod\u0142\u00f3g drewnianych, zar\u00f3wno litych, jak i laminowanych. Stosowany w rozcie\u0144czeniu zapewnia g\u0142\u0119bokie czyszczenie, zachowuj\u0105c naturalny blask drewna. Idealny r\u00f3wnie\u017c do czyszczenia drzwi, framug, okiennic, schod\u00f3w i drewnianych listew przypod\u0142ogowych.<\/p>\n<h4>Spos\u00f3b u\u017cycia<\/h4>\n<p>Rozcie\u0144czy\u0107 3 nakr\u0119tki w 5 litrach wody. Nanie\u015b\u0107 na powierzchni\u0119 za pomoc\u0105 \u015bciereczki. Nie wymaga sp\u0142ukiwania. Nie stosowa\u0107 w stanie nierozcie\u0144czonym. [&#8230;]<\/p>\n<p><a class=\"btn btn-secondary understrap-read-more-link\" href=\"https:\/\/dasty.com\/pl\/prodotto\/dasty-wood-laminate-care\/\">Czytaj dalej\u2026<\/a><\/p>\n","protected":false},"featured_media":22575,"comment_status":"open","ping_status":"closed","template":"","meta":[],"product_cat":[2506,2505],"product_tag":[],"class_list":["post-24041","product","type-product","status-publish","has-post-thumbnail","hentry","product_cat-pielegnacja-wnetrz-domowych","product_cat-wszystkie-produkty"],"_links":{"self":[{"href":"https:\/\/dasty.com\/pl\/wp-json\/wp\/v2\/product\/24041","targetHints":{"allow":["GET"]}}],"collection":[{"href":"https:\/\/dasty.com\/pl\/wp-json\/wp\/v2\/product"}],"about":[{"href":"https:\/\/dasty.com\/pl\/wp-json\/wp\/v2\/types\/product"}],"replies":[{"embeddable":true,"href":"https:\/\/dasty.com\/pl\/wp-json\/wp\/v2\/comments?post=24041"}],"wp:featuredmedia":[{"embeddable":true,"href":"https:\/\/dasty.com\/pl\/wp-json\/wp\/v2\/media\/22575"}],"wp:attachment":[{"href":"https:\/\/dasty.com\/pl\/wp-json\/wp\/v2\/media?parent=24041"}],"wp:term":[{"taxonomy":"product_cat","embeddable":true,"href":"https:\/\/dasty.com\/pl\/wp-json\/wp\/v2\/product_cat?post=24041"},{"taxonomy":"product_tag","embeddable":true,"href":"https:\/\/dasty.com\/pl\/wp-json\/wp\/v2\/product_tag?post=24041"}],"curies":[{"name":"wp","href":"https:\/\/api.w.org\/{rel}","templated":true}]}}