{"id":24039,"date":"2022-03-10T09:05:28","date_gmt":"2022-03-10T09:05:28","guid":{"rendered":"https:\/\/dasty.com\/prodotto\/dasty-gel-toilet-care-z-wybielaczem\/"},"modified":"2026-04-03T12:32:25","modified_gmt":"2026-04-03T12:32:25","slug":"dasty-gel-toilet-care-z-wybielaczem","status":"publish","type":"product","link":"https:\/\/dasty.com\/pl\/prodotto\/dasty-gel-toilet-care-z-wybielaczem\/","title":{"rendered":"Dasty Gel Toilet Care | With Bleach"},"content":{"rendered":"","protected":false},"excerpt":{"rendered":"<h4>Czym jest<\/h4>\n<p>DASTY \u017bEL DO CZYSZCZENIA WC Z WYBIELACZEM wybielacza skutecznie czy\u015bci i sprawia, \u017ce \u015bcianki muszli klozetowej staj\u0105 si\u0119 bia\u0142e i l\u015bni\u0105ce. Idealny nie tylko do toalety, lecz tak\u017ce do ca\u0142ej armatury \u0142azienkowej oraz fug mi\u0119dzy p\u0142ytkami.<\/p>\n<h4>Jak stosowa\u0107<\/h4>\n<p>Aby otworzy\u0107, nacisn\u0105\u0107 boki nakr\u0119tki w miejscu wskazanym i odkr\u0119ci\u0107. MUSZLA KLOZETOWA: wla\u0107 pod kraw\u0119d\u017a i na \u015bcianki toalety. Pozostawi\u0107 na co najmniej 30 minut przed sp\u0142ukaniem. DO ARMATURY SANITARNEJ I INNYCH POWIERZCHNI: nanie\u015b\u0107 produkt bezpo\u015brednio na powierzchni\u0119, przetrze\u0107 g\u0105bk\u0105 i sp\u0142uka\u0107 du\u017c\u0105 ilo\u015bci\u0105 wody. [&#8230;]<\/p>\n<p><a class=\"btn btn-secondary understrap-read-more-link\" href=\"https:\/\/dasty.com\/pl\/prodotto\/dasty-gel-toilet-care-z-wybielaczem\/\">Czytaj dalej\u2026<\/a><\/p>\n","protected":false},"featured_media":24634,"comment_status":"open","ping_status":"closed","template":"","meta":[],"product_cat":[2505,2506],"product_tag":[],"class_list":["post-24039","product","type-product","status-publish","has-post-thumbnail","hentry","product_cat-wszystkie-produkty","product_cat-pielegnacja-wnetrz-domowych"],"_links":{"self":[{"href":"https:\/\/dasty.com\/pl\/wp-json\/wp\/v2\/product\/24039","targetHints":{"allow":["GET"]}}],"collection":[{"href":"https:\/\/dasty.com\/pl\/wp-json\/wp\/v2\/product"}],"about":[{"href":"https:\/\/dasty.com\/pl\/wp-json\/wp\/v2\/types\/product"}],"replies":[{"embeddable":true,"href":"https:\/\/dasty.com\/pl\/wp-json\/wp\/v2\/comments?post=24039"}],"wp:featuredmedia":[{"embeddable":true,"href":"https:\/\/dasty.com\/pl\/wp-json\/wp\/v2\/media\/24634"}],"wp:attachment":[{"href":"https:\/\/dasty.com\/pl\/wp-json\/wp\/v2\/media?parent=24039"}],"wp:term":[{"taxonomy":"product_cat","embeddable":true,"href":"https:\/\/dasty.com\/pl\/wp-json\/wp\/v2\/product_cat?post=24039"},{"taxonomy":"product_tag","embeddable":true,"href":"https:\/\/dasty.com\/pl\/wp-json\/wp\/v2\/product_tag?post=24039"}],"curies":[{"name":"wp","href":"https:\/\/api.w.org\/{rel}","templated":true}]}}