{"id":24037,"date":"2022-03-09T09:37:01","date_gmt":"2022-03-09T09:37:01","guid":{"rendered":"https:\/\/dasty.com\/prodotto\/dasty-super-cleaner-sciany-i-plytki\/"},"modified":"2026-04-21T10:47:02","modified_gmt":"2026-04-21T10:47:02","slug":"dasty-walls-grout-stain-remover","status":"publish","type":"product","link":"https:\/\/dasty.com\/pl\/prodotto\/dasty-walls-grout-stain-remover\/","title":{"rendered":"Dasty Walls &#038; Grout | Stain Remover"},"content":{"rendered":"","protected":false},"excerpt":{"rendered":"<h4>Czym jest<\/h4>\n<p>DASTY WALLS AND GROUT STAIN REMOVER wybiela plamy na \u015bcianach, sufitach, fugach, spoinach silikonowych mi\u0119dzy wann\u0105 a \u015bcian\u0105 lub w kabinie prysznicowej. Dzi\u0119ki skutecznemu dzia\u0142aniu czyszcz\u0105cemu idealnie sprawdzi si\u0119 w takich miejscach jak kuchnie, \u0142azienki, prysznice, piwnice, gara\u017ce, kot\u0142ownie, pralnie oraz na powierzchniach zewn\u0119trznych.<\/p>\n<h4>Spos\u00f3b u\u017cycia<\/h4>\n<p>Rozpyli\u0107 produkt na czyszczon\u0105 powierzchni\u0119 z odleg\u0142o\u015bci 3-5 cm. Pozostawi\u0107 na 10 do 30 minut, w zale\u017cno\u015bci od stopnia zabrudzenia\/plamy, wyszorowa\u0107 g\u0105bk\u0105 lub szczotk\u0105, a nast\u0119pnie sp\u0142uka\u0107 wod\u0105. W przypadku bardzo zabrudzonych powierzchni powt\u00f3rzy\u0107 zabieg po 10 minutach.<\/p>\n<p><a href=\"https:\/\/www.youtube.com\/shorts\/1CXxAW4UzR0?feature=share\"><strong>OBEJRZYJ PORADNIKI<\/strong><\/a> [&#8230;]<\/p>\n<p><a class=\"btn btn-secondary understrap-read-more-link\" href=\"https:\/\/dasty.com\/pl\/prodotto\/dasty-walls-grout-stain-remover\/\">Czytaj dalej\u2026<\/a><\/p>\n","protected":false},"featured_media":25001,"comment_status":"open","ping_status":"closed","template":"","meta":[],"product_cat":[2505,2506,2507,2508],"product_tag":[],"class_list":["post-24037","product","type-product","status-publish","has-post-thumbnail","hentry","product_cat-wszystkie-produkty","product_cat-pielegnacja-wnetrz-domowych","product_cat-pielegnacja-elewacji-domu","product_cat-zrob-to-sam-i-wiecej"],"_links":{"self":[{"href":"https:\/\/dasty.com\/pl\/wp-json\/wp\/v2\/product\/24037","targetHints":{"allow":["GET"]}}],"collection":[{"href":"https:\/\/dasty.com\/pl\/wp-json\/wp\/v2\/product"}],"about":[{"href":"https:\/\/dasty.com\/pl\/wp-json\/wp\/v2\/types\/product"}],"replies":[{"embeddable":true,"href":"https:\/\/dasty.com\/pl\/wp-json\/wp\/v2\/comments?post=24037"}],"wp:featuredmedia":[{"embeddable":true,"href":"https:\/\/dasty.com\/pl\/wp-json\/wp\/v2\/media\/25001"}],"wp:attachment":[{"href":"https:\/\/dasty.com\/pl\/wp-json\/wp\/v2\/media?parent=24037"}],"wp:term":[{"taxonomy":"product_cat","embeddable":true,"href":"https:\/\/dasty.com\/pl\/wp-json\/wp\/v2\/product_cat?post=24037"},{"taxonomy":"product_tag","embeddable":true,"href":"https:\/\/dasty.com\/pl\/wp-json\/wp\/v2\/product_tag?post=24037"}],"curies":[{"name":"wp","href":"https:\/\/api.w.org\/{rel}","templated":true}]}}