{"id":24036,"date":"2022-03-28T09:43:20","date_gmt":"2022-03-28T09:43:20","guid":{"rendered":"https:\/\/dasty.com\/prodotto\/dasty-odplamiacz\/"},"modified":"2026-03-26T15:34:11","modified_gmt":"2026-03-26T15:34:11","slug":"dasty-odplamiacz","status":"publish","type":"product","link":"https:\/\/dasty.com\/pl\/prodotto\/dasty-odplamiacz\/","title":{"rendered":"Dasty Stain Remover"},"content":{"rendered":"","protected":false},"excerpt":{"rendered":"<h4>Czym jest<\/h4>\n<p>DASTY ODPLAMIACZ DZIA\u0141ANIE ODT\u0141USZCZAJ\u0104CE to idealne rozwi\u0105zanie do wst\u0119pnego usuwania trudnych plam. Odpowiedni do plam t\u0142ustych (mleko, mas\u0142o, olej, sma\u017cenie, czekolada, szminka) i kolorowych (flamastry, d\u0142ugopis itp.), jest niezast\u0105piony w przypadku zabrudze\u0144 osadzonych na ko\u0142nierzykach, mankietach i skarpetkach. Dzia\u0142a r\u00f3wnie\u017c na suche plamy.<\/p>\n<p>DASTY ODPLAMIACZ AKTYWNY TLEN Idealny do usuwania plam z potu i\/lub dezodorantu, wina, kawy, herbaty, owoc\u00f3w, rdzy, sos\u00f3w, krwi, moczu i ka\u0142u. Nie zawiera chloru, dzi\u0119ki czemu gwarantuje bezpieczne czyszczenie z poszanowaniem wszystkich kolor\u00f3w i tkanin.<\/p>\n<h4>Spos\u00f3b u\u017cycia<\/h4>\n<p>Przed praniem spryska\u0107 produkt bezpo\u015brednio na plamy. Pozostawi\u0107 na minut\u0119 (nie pozwalaj\u0105c na wyschni\u0119cie), nie p\u0142uka\u0107 i pra\u0107 ze zwyk\u0142ym detergentem w pralce w \u015brednich lub wysokich temperaturach lub r\u0119cznie w gor\u0105cej wodzie. W przypadku szczeg\u00f3lnie uporczywych plam potrze\u0107 tkanin\u0119. [&#8230;]<\/p>\n<p><a class=\"btn btn-secondary understrap-read-more-link\" href=\"https:\/\/dasty.com\/pl\/prodotto\/dasty-odplamiacz\/\">Czytaj dalej\u2026<\/a><\/p>\n","protected":false},"featured_media":22718,"comment_status":"open","ping_status":"closed","template":"","meta":[],"product_cat":[2509,2505],"product_tag":[],"class_list":["post-24036","product","type-product","status-publish","has-post-thumbnail","hentry","product_cat-pielegnacja-prania","product_cat-wszystkie-produkty"],"_links":{"self":[{"href":"https:\/\/dasty.com\/pl\/wp-json\/wp\/v2\/product\/24036","targetHints":{"allow":["GET"]}}],"collection":[{"href":"https:\/\/dasty.com\/pl\/wp-json\/wp\/v2\/product"}],"about":[{"href":"https:\/\/dasty.com\/pl\/wp-json\/wp\/v2\/types\/product"}],"replies":[{"embeddable":true,"href":"https:\/\/dasty.com\/pl\/wp-json\/wp\/v2\/comments?post=24036"}],"wp:featuredmedia":[{"embeddable":true,"href":"https:\/\/dasty.com\/pl\/wp-json\/wp\/v2\/media\/22718"}],"wp:attachment":[{"href":"https:\/\/dasty.com\/pl\/wp-json\/wp\/v2\/media?parent=24036"}],"wp:term":[{"taxonomy":"product_cat","embeddable":true,"href":"https:\/\/dasty.com\/pl\/wp-json\/wp\/v2\/product_cat?post=24036"},{"taxonomy":"product_tag","embeddable":true,"href":"https:\/\/dasty.com\/pl\/wp-json\/wp\/v2\/product_tag?post=24036"}],"curies":[{"name":"wp","href":"https:\/\/api.w.org\/{rel}","templated":true}]}}