{"id":24034,"date":"2022-03-10T09:21:34","date_gmt":"2022-03-10T09:21:34","guid":{"rendered":"https:\/\/dasty.com\/prodotto\/dasty-gel-do-toalet-silne-odkamienianie\/"},"modified":"2026-03-16T13:55:59","modified_gmt":"2026-03-16T13:55:59","slug":"dasty-gel-do-toalet-silne-odkamienianie","status":"publish","type":"product","link":"https:\/\/dasty.com\/pl\/prodotto\/dasty-gel-do-toalet-silne-odkamienianie\/","title":{"rendered":"Dasty Gel Toilet Care | Powerful Descaling"},"content":{"rendered":"","protected":false},"excerpt":{"rendered":"<h4>Czym jest<\/h4>\n<p>DASTY SILNY \u017bEL DO CZYSZCZENIA WC Z ODKAMIENIACZEM usuwa 100% osad\u00f3w wapiennych pozostawiaj\u0105c toalet\u0119 idealnie czyst\u0105 i l\u015bni\u0105c\u0105. Jego silna formu\u0142a \u017celowa dzia\u0142a tak\u017ce poni\u017cej<br \/>\nlinii wody.<\/p>\n<h4>Spos\u00f3b u\u017cycia<\/h4>\n<p>Do stosowania wy\u0142\u0105cznie w toalecie. Nacisn\u0105\u0107 boki nakr\u0119tki w oznaczonych miejscach i odkr\u0119ci\u0107. Obficie wla\u0107 produkt pod obrze\u017ce i na \u015bcianki toalety, a nast\u0119pnie pozostawi\u0107 go na co najmniej godzin\u0119. [&#8230;]<\/p>\n<p><a class=\"btn btn-secondary understrap-read-more-link\" href=\"https:\/\/dasty.com\/pl\/prodotto\/dasty-gel-do-toalet-silne-odkamienianie\/\">Czytaj dalej\u2026<\/a><\/p>\n","protected":false},"featured_media":22571,"comment_status":"open","ping_status":"closed","template":"","meta":[],"product_cat":[2506,2505],"product_tag":[],"class_list":["post-24034","product","type-product","status-publish","has-post-thumbnail","hentry","product_cat-pielegnacja-wnetrz-domowych","product_cat-wszystkie-produkty"],"_links":{"self":[{"href":"https:\/\/dasty.com\/pl\/wp-json\/wp\/v2\/product\/24034","targetHints":{"allow":["GET"]}}],"collection":[{"href":"https:\/\/dasty.com\/pl\/wp-json\/wp\/v2\/product"}],"about":[{"href":"https:\/\/dasty.com\/pl\/wp-json\/wp\/v2\/types\/product"}],"replies":[{"embeddable":true,"href":"https:\/\/dasty.com\/pl\/wp-json\/wp\/v2\/comments?post=24034"}],"wp:featuredmedia":[{"embeddable":true,"href":"https:\/\/dasty.com\/pl\/wp-json\/wp\/v2\/media\/22571"}],"wp:attachment":[{"href":"https:\/\/dasty.com\/pl\/wp-json\/wp\/v2\/media?parent=24034"}],"wp:term":[{"taxonomy":"product_cat","embeddable":true,"href":"https:\/\/dasty.com\/pl\/wp-json\/wp\/v2\/product_cat?post=24034"},{"taxonomy":"product_tag","embeddable":true,"href":"https:\/\/dasty.com\/pl\/wp-json\/wp\/v2\/product_tag?post=24034"}],"curies":[{"name":"wp","href":"https:\/\/api.w.org\/{rel}","templated":true}]}}