{"id":24029,"date":"2025-01-24T14:55:08","date_gmt":"2025-01-24T14:55:08","guid":{"rendered":"https:\/\/dasty.com\/prodotto\/zestaw-do-czyszczenia-dasty-multisurface-glass\/"},"modified":"2026-03-10T13:24:14","modified_gmt":"2026-03-10T13:24:14","slug":"zestaw-do-czyszczenia-dasty-multisurface-glass","status":"publish","type":"product","link":"https:\/\/dasty.com\/pl\/prodotto\/zestaw-do-czyszczenia-dasty-multisurface-glass\/","title":{"rendered":"Dasty Multisurface &#038; Glass Cleaning Kit"},"content":{"rendered":"","protected":false},"excerpt":{"rendered":"<h4>Czym jest<\/h4>\n<p>1 specjalnie zaprojektowany uchwyt i 1 wielorazowa podk\u0142adka czyszcz\u0105ca z mikrofibry. Przymocuj podk\u0142adk\u0119 z mikrofibry do uchwytu na rzep. Rozpyl Dasty Multisurface Care na czyszczon\u0105 powierzchni\u0119 i u\u017cyj podk\u0142adki do czyszczenia oraz polerowania powierzchni ruchami zamiataj\u0105cymi. Dbanie o wszystkie powierzchnie w Pa\u0144stwa domu nigdy nie by\u0142o tak proste! [&#8230;]<\/p>\n<p><a class=\"btn btn-secondary understrap-read-more-link\" href=\"https:\/\/dasty.com\/pl\/prodotto\/zestaw-do-czyszczenia-dasty-multisurface-glass\/\">Czytaj dalej\u2026<\/a><\/p>\n","protected":false},"featured_media":22756,"comment_status":"open","ping_status":"closed","template":"","meta":[],"product_cat":[2507,2508,2505,2506],"product_tag":[],"class_list":["post-24029","product","type-product","status-publish","has-post-thumbnail","hentry","product_cat-pielegnacja-elewacji-domu","product_cat-zrob-to-sam-i-wiecej","product_cat-wszystkie-produkty","product_cat-pielegnacja-wnetrz-domowych"],"_links":{"self":[{"href":"https:\/\/dasty.com\/pl\/wp-json\/wp\/v2\/product\/24029","targetHints":{"allow":["GET"]}}],"collection":[{"href":"https:\/\/dasty.com\/pl\/wp-json\/wp\/v2\/product"}],"about":[{"href":"https:\/\/dasty.com\/pl\/wp-json\/wp\/v2\/types\/product"}],"replies":[{"embeddable":true,"href":"https:\/\/dasty.com\/pl\/wp-json\/wp\/v2\/comments?post=24029"}],"wp:featuredmedia":[{"embeddable":true,"href":"https:\/\/dasty.com\/pl\/wp-json\/wp\/v2\/media\/22756"}],"wp:attachment":[{"href":"https:\/\/dasty.com\/pl\/wp-json\/wp\/v2\/media?parent=24029"}],"wp:term":[{"taxonomy":"product_cat","embeddable":true,"href":"https:\/\/dasty.com\/pl\/wp-json\/wp\/v2\/product_cat?post=24029"},{"taxonomy":"product_tag","embeddable":true,"href":"https:\/\/dasty.com\/pl\/wp-json\/wp\/v2\/product_tag?post=24029"}],"curies":[{"name":"wp","href":"https:\/\/api.w.org\/{rel}","templated":true}]}}