{"id":24025,"date":"2023-04-03T12:22:46","date_gmt":"2023-04-03T12:22:46","guid":{"rendered":"https:\/\/dasty.com\/prodotto\/dasty-super-polerka-odnawiacz\/"},"modified":"2026-03-10T13:29:34","modified_gmt":"2026-03-10T13:29:34","slug":"dasty-super-polerka-odnawiacz","status":"publish","type":"product","link":"https:\/\/dasty.com\/pl\/prodotto\/dasty-super-polerka-odnawiacz\/","title":{"rendered":"Dasty Super Polisher &#038; Renewer"},"content":{"rendered":"","protected":false},"excerpt":{"rendered":"<h4>Czym jest<\/h4>\n<p>DASTY SUPER POLISHER &amp; RENEWER &#8211; to prawdziwa piel\u0119gnacja pi\u0119kna wszystkich powierzchni w domu i nie tylko. Przywraca wyj\u0105tkowy blask, kt\u00f3ry utrzymuje si\u0119 przez d\u0142ugi czas dzi\u0119ki ochronnej pow\u0142oce. Idealny do drewna, plastiku, gumy, sk\u00f3ry i laminat\u00f3w, uwalnia przyjemny i intensywny zapach.<\/p>\n<h4>Spos\u00f3b u\u017cycia<\/h4>\n<p>Spryska\u0107 produkt na powierzchni\u0119 przeznaczon\u0105 do obr\u00f3bki i przetrze\u0107 mi\u0119kk\u0105 szmatk\u0105. Powtarza\u0107 zabieg okresowo, aby zachowa\u0107 blask efektu przez d\u0142ugi czas.<\/p>\n<p><a href=\"https:\/\/www.youtube.com\/playlist?list=PLxcBoUFslG-1G76QGeED_vSs8i5HwLq5x\"><strong>OBEJRZYJ TUTORIALE<\/strong><\/a> [&#8230;]<\/p>\n<p><a class=\"btn btn-secondary understrap-read-more-link\" href=\"https:\/\/dasty.com\/pl\/prodotto\/dasty-super-polerka-odnawiacz\/\">Czytaj dalej\u2026<\/a><\/p>\n","protected":false},"featured_media":22562,"comment_status":"open","ping_status":"closed","template":"","meta":[],"product_cat":[2506,2507,2508,2505],"product_tag":[],"class_list":["post-24025","product","type-product","status-publish","has-post-thumbnail","hentry","product_cat-pielegnacja-wnetrz-domowych","product_cat-pielegnacja-elewacji-domu","product_cat-zrob-to-sam-i-wiecej","product_cat-wszystkie-produkty"],"_links":{"self":[{"href":"https:\/\/dasty.com\/pl\/wp-json\/wp\/v2\/product\/24025","targetHints":{"allow":["GET"]}}],"collection":[{"href":"https:\/\/dasty.com\/pl\/wp-json\/wp\/v2\/product"}],"about":[{"href":"https:\/\/dasty.com\/pl\/wp-json\/wp\/v2\/types\/product"}],"replies":[{"embeddable":true,"href":"https:\/\/dasty.com\/pl\/wp-json\/wp\/v2\/comments?post=24025"}],"wp:featuredmedia":[{"embeddable":true,"href":"https:\/\/dasty.com\/pl\/wp-json\/wp\/v2\/media\/22562"}],"wp:attachment":[{"href":"https:\/\/dasty.com\/pl\/wp-json\/wp\/v2\/media?parent=24025"}],"wp:term":[{"taxonomy":"product_cat","embeddable":true,"href":"https:\/\/dasty.com\/pl\/wp-json\/wp\/v2\/product_cat?post=24025"},{"taxonomy":"product_tag","embeddable":true,"href":"https:\/\/dasty.com\/pl\/wp-json\/wp\/v2\/product_tag?post=24025"}],"curies":[{"name":"wp","href":"https:\/\/api.w.org\/{rel}","templated":true}]}}