{"id":24024,"date":"2023-04-03T09:30:54","date_gmt":"2023-04-03T09:30:54","guid":{"rendered":"https:\/\/dasty.com\/prodotto\/dasty-udrazniacz-do-rur\/"},"modified":"2026-03-10T13:35:48","modified_gmt":"2026-03-10T13:35:48","slug":"dasty-udrazniacz-do-rur","status":"publish","type":"product","link":"https:\/\/dasty.com\/pl\/prodotto\/dasty-udrazniacz-do-rur\/","title":{"rendered":"Dasty Drain Unblocker"},"content":{"rendered":"","protected":false},"excerpt":{"rendered":"<h4>Czym jest<\/h4>\n<p>DASTY DRAIN UNBLOCKER usuwa nawet najbardziej uporczywe zatory i nieprzyjemne zapachy, nawet w obecno\u015bci stoj\u0105cej wody. Bezpieczny dla rur, oczyszcza zatkane przewody i odp\u0142ywy.<\/p>\n<h4>Spos\u00f3b u\u017cycia<\/h4>\n<p>Nacisn\u0105\u0107 zakr\u0119tk\u0119 i odkr\u0119ci\u0107. Wla\u0107 ca\u0142\u0105 zawarto\u015b\u0107 butelki do rury odp\u0142ywowej, nawet w obecno\u015bci stoj\u0105cej wody. Pozostawi\u0107 na 15 minut. Sp\u0142uka\u0107 gor\u0105c\u0105 wod\u0105. Stosowa\u0107 okresowo, aby utrzyma\u0107 dro\u017cno\u015b\u0107 odp\u0142yw\u00f3w, zapobiega\u0107 zatorom i eliminowa\u0107 nieprzyjemne zapachy. [&#8230;]<\/p>\n<p><a class=\"btn btn-secondary understrap-read-more-link\" href=\"https:\/\/dasty.com\/pl\/prodotto\/dasty-udrazniacz-do-rur\/\">Czytaj dalej\u2026<\/a><\/p>\n","protected":false},"featured_media":22913,"comment_status":"open","ping_status":"closed","template":"","meta":[],"product_cat":[2505,2506],"product_tag":[],"class_list":["post-24024","product","type-product","status-publish","has-post-thumbnail","hentry","product_cat-wszystkie-produkty","product_cat-pielegnacja-wnetrz-domowych"],"_links":{"self":[{"href":"https:\/\/dasty.com\/pl\/wp-json\/wp\/v2\/product\/24024","targetHints":{"allow":["GET"]}}],"collection":[{"href":"https:\/\/dasty.com\/pl\/wp-json\/wp\/v2\/product"}],"about":[{"href":"https:\/\/dasty.com\/pl\/wp-json\/wp\/v2\/types\/product"}],"replies":[{"embeddable":true,"href":"https:\/\/dasty.com\/pl\/wp-json\/wp\/v2\/comments?post=24024"}],"wp:featuredmedia":[{"embeddable":true,"href":"https:\/\/dasty.com\/pl\/wp-json\/wp\/v2\/media\/22913"}],"wp:attachment":[{"href":"https:\/\/dasty.com\/pl\/wp-json\/wp\/v2\/media?parent=24024"}],"wp:term":[{"taxonomy":"product_cat","embeddable":true,"href":"https:\/\/dasty.com\/pl\/wp-json\/wp\/v2\/product_cat?post=24024"},{"taxonomy":"product_tag","embeddable":true,"href":"https:\/\/dasty.com\/pl\/wp-json\/wp\/v2\/product_tag?post=24024"}],"curies":[{"name":"wp","href":"https:\/\/api.w.org\/{rel}","templated":true}]}}