{"id":24017,"date":"2025-04-14T12:21:12","date_gmt":"2025-04-14T12:21:12","guid":{"rendered":"https:\/\/dasty.com\/prodotto\/dasty-shower-protector\/"},"modified":"2026-03-10T13:23:03","modified_gmt":"2026-03-10T13:23:03","slug":"dasty-shower-protector","status":"publish","type":"product","link":"https:\/\/dasty.com\/pl\/prodotto\/dasty-shower-protector\/","title":{"rendered":"Dasty Shower Protector"},"content":{"rendered":"","protected":false},"excerpt":{"rendered":"<h4>Czym jest<\/h4>\n<p>Dasty Shower Protector tworzy wodoodporn\u0105 pow\u0142ok\u0119, kt\u00f3ra zapobiega powstawaniu osad\u00f3w wapiennych, zmniejszaj\u0105c potrzeb\u0119 ci\u0105g\u0142ego czyszczenia. Idealny nie tylko do szk\u0142a kabiny prysznicowej, ale tak\u017ce do p\u0142ytek, baterii i stali nierdzewnej.<\/p>\n<h4>Spos\u00f3b u\u017cycia<\/h4>\n<p>Spryska\u0107 powierzchni\u0119, wcze\u015bniej oczyszczon\u0105 preparatem Dasty Bathroom Antikalk, i wytrze\u0107 najlepiej \u015bciereczk\u0105 z mikrofibry do ca\u0142kowitego wyschni\u0119cia, bez sp\u0142ukiwania. Alternatywnie spryska\u0107 przed prysznicem wcze\u015bniej oczyszczon\u0105 powierzchni\u0119, a po zako\u0144czeniu k\u0105pieli sp\u0142uka\u0107. [&#8230;]<\/p>\n<p><a class=\"btn btn-secondary understrap-read-more-link\" href=\"https:\/\/dasty.com\/pl\/prodotto\/dasty-shower-protector\/\">Czytaj dalej\u2026<\/a><\/p>\n","protected":false},"featured_media":22752,"comment_status":"open","ping_status":"closed","template":"","meta":[],"product_cat":[2506,2505],"product_tag":[],"class_list":["post-24017","product","type-product","status-publish","has-post-thumbnail","hentry","product_cat-pielegnacja-wnetrz-domowych","product_cat-wszystkie-produkty"],"_links":{"self":[{"href":"https:\/\/dasty.com\/pl\/wp-json\/wp\/v2\/product\/24017","targetHints":{"allow":["GET"]}}],"collection":[{"href":"https:\/\/dasty.com\/pl\/wp-json\/wp\/v2\/product"}],"about":[{"href":"https:\/\/dasty.com\/pl\/wp-json\/wp\/v2\/types\/product"}],"replies":[{"embeddable":true,"href":"https:\/\/dasty.com\/pl\/wp-json\/wp\/v2\/comments?post=24017"}],"wp:featuredmedia":[{"embeddable":true,"href":"https:\/\/dasty.com\/pl\/wp-json\/wp\/v2\/media\/22752"}],"wp:attachment":[{"href":"https:\/\/dasty.com\/pl\/wp-json\/wp\/v2\/media?parent=24017"}],"wp:term":[{"taxonomy":"product_cat","embeddable":true,"href":"https:\/\/dasty.com\/pl\/wp-json\/wp\/v2\/product_cat?post=24017"},{"taxonomy":"product_tag","embeddable":true,"href":"https:\/\/dasty.com\/pl\/wp-json\/wp\/v2\/product_tag?post=24017"}],"curies":[{"name":"wp","href":"https:\/\/api.w.org\/{rel}","templated":true}]}}