{"id":23118,"date":"2025-11-13T13:16:56","date_gmt":"2025-11-13T13:16:56","guid":{"rendered":"https:\/\/dasty.com\/prodotto\/dasty-multisurface-glass-3x-refill-pack\/"},"modified":"2026-03-10T13:20:26","modified_gmt":"2026-03-10T13:20:26","slug":"wklad-dasty-multisurface-glass-3x","status":"publish","type":"product","link":"https:\/\/dasty.com\/pl\/prodotto\/wklad-dasty-multisurface-glass-3x\/","title":{"rendered":"Dasty Multisurface &amp; Glass 3X Refill Pack"},"content":{"rendered":"","protected":false},"excerpt":{"rendered":"<h4>Co to jest<\/h4>\n<p>3 wielokrotnego u\u017cytku\/zmywalne podk\u0142adki z mikrofibry zaprojektowane do uchwytu zestawu czyszcz\u0105cego Dasty Multisurface &amp; Glass*. Przymocuj podk\u0142adk\u0119 do uchwytu, lekko spryskaj powierzchni\u0119 \u015brodkiem Dasty Multisurface &amp; Glass i czy\u015b\u0107 szerokimi ruchami. Idealne do codziennego czyszczenia. W przypadku silnych lub uporczywych zabrudze\u0144 nale\u017cy wcze\u015bniej wyczy\u015bci\u0107 obszar. *Uchwyt sprzedawany oddzielnie [&#8230;]<\/p>\n<p><a class=\"btn btn-secondary understrap-read-more-link\" href=\"https:\/\/dasty.com\/pl\/prodotto\/wklad-dasty-multisurface-glass-3x\/\">Czytaj dalej\u2026<\/a><\/p>\n","protected":false},"featured_media":22842,"comment_status":"open","ping_status":"closed","template":"","meta":[],"product_cat":[2507,2508,2505,2506],"product_tag":[],"class_list":["post-23118","product","type-product","status-publish","has-post-thumbnail","hentry","product_cat-pielegnacja-elewacji-domu","product_cat-zrob-to-sam-i-wiecej","product_cat-wszystkie-produkty","product_cat-pielegnacja-wnetrz-domowych"],"_links":{"self":[{"href":"https:\/\/dasty.com\/pl\/wp-json\/wp\/v2\/product\/23118","targetHints":{"allow":["GET"]}}],"collection":[{"href":"https:\/\/dasty.com\/pl\/wp-json\/wp\/v2\/product"}],"about":[{"href":"https:\/\/dasty.com\/pl\/wp-json\/wp\/v2\/types\/product"}],"replies":[{"embeddable":true,"href":"https:\/\/dasty.com\/pl\/wp-json\/wp\/v2\/comments?post=23118"}],"wp:featuredmedia":[{"embeddable":true,"href":"https:\/\/dasty.com\/pl\/wp-json\/wp\/v2\/media\/22842"}],"wp:attachment":[{"href":"https:\/\/dasty.com\/pl\/wp-json\/wp\/v2\/media?parent=23118"}],"wp:term":[{"taxonomy":"product_cat","embeddable":true,"href":"https:\/\/dasty.com\/pl\/wp-json\/wp\/v2\/product_cat?post=23118"},{"taxonomy":"product_tag","embeddable":true,"href":"https:\/\/dasty.com\/pl\/wp-json\/wp\/v2\/product_tag?post=23118"}],"curies":[{"name":"wp","href":"https:\/\/api.w.org\/{rel}","templated":true}]}}