{"id":24138,"date":"2021-11-29T13:46:09","date_gmt":"2021-11-29T13:46:09","guid":{"rendered":"https:\/\/dasty.com\/filozofia\/"},"modified":"2026-03-06T10:19:49","modified_gmt":"2026-03-06T10:19:49","slug":"filozofia","status":"publish","type":"page","link":"https:\/\/dasty.com\/pl\/filozofia\/","title":{"rendered":"Filozofia"},"content":{"rendered":"\n<figure class=\"wp-block-image size-large\"><img loading=\"lazy\" decoding=\"async\" width=\"1024\" height=\"179\" src=\"https:\/\/dasty.com\/wp-content\/uploads\/2023\/12\/EUPONICREACT-EUMIMIT-1024x179.jpg\" alt=\"\" class=\"wp-image-6485\" srcset=\"https:\/\/dasty.com\/wp-content\/uploads\/2023\/12\/EUPONICREACT-EUMIMIT-1024x179.jpg 1024w, https:\/\/dasty.com\/wp-content\/uploads\/2023\/12\/EUPONICREACT-EUMIMIT-300x53.jpg 300w, https:\/\/dasty.com\/wp-content\/uploads\/2023\/12\/EUPONICREACT-EUMIMIT-768x134.jpg 768w, https:\/\/dasty.com\/wp-content\/uploads\/2023\/12\/EUPONICREACT-EUMIMIT-1536x269.jpg 1536w, https:\/\/dasty.com\/wp-content\/uploads\/2023\/12\/EUPONICREACT-EUMIMIT-2048x358.jpg 2048w, https:\/\/dasty.com\/wp-content\/uploads\/2023\/12\/EUPONICREACT-EUMIMIT-507x89.jpg 507w, https:\/\/dasty.com\/wp-content\/uploads\/2023\/12\/EUPONICREACT-EUMIMIT-600x105.jpg 600w\" sizes=\"auto, (max-width: 1024px) 100vw, 1024px\" \/><\/figure>\n\n<h2 class=\"wp-block-heading\"><strong>FILOZOFIA \u015aRODOWISKOWA DASTY<\/strong><\/h2>\n\n<p>INWESTYCJE ZR\u00d3WNOWA\u017bONE<\/p>\n\n<p>Dasty Italy S.p.a., dzi\u0119ki wsparciu finansowemu Unii Europejskiej, zrealizowa\u0142a projekt 4.0 o r\u00f3\u017cnych celach. Zakupiono urz\u0105dzenia po\u0142\u0105czone z systemem zarz\u0105dzania przedsi\u0119biorstwem w celu optymalizacji produkcji, gwarantuj\u0105c bezpiecze\u0144stwo i ekozr\u00f3wnowa\u017cenie. Zgodnie z krajowym planem Transizione 4.0, plan inwestycyjny skoncentrowa\u0142 si\u0119 na innowacyjnych inwestycjach, integruj\u0105c zaawansowane technologie produkcyjne. Umo\u017cliwi\u0142o to Dasty Italy osi\u0105gni\u0119cie cel\u00f3w, kt\u00f3re przyczyni\u0105 si\u0119 do jej strategicznego pozycjonowania.<br\/>Instalacja instalacji fotowoltaicznej przyczyni\u0142a si\u0119 do poprawy zr\u00f3wnowa\u017cenia energetycznego, generuj\u0105c znaczne oszcz\u0119dno\u015bci w zakresie zu\u017cycia. Instalacja fotowoltaiczna, opr\u00f3cz korzy\u015bci \u015brodowiskowych, przynios\u0142a oszcz\u0119dno\u015bci ekonomiczne, obni\u017caj\u0105c koszty energii i promuj\u0105c zr\u00f3wnowa\u017cony rozw\u00f3j.<\/p>\n\n<p>SUROWCE<\/p>\n\n<p>Maj\u0105c na celu ograniczenie wszystkich substancji szkodliwych dla organizm\u00f3w \u017cywych i zmniejszenie wp\u0142ywu na \u015brodowisko, przeprowadzamy rygorystyczne analizy pod wzgl\u0119dem toksyczno\u015bci, wp\u0142ywu na \u015brodowisko, profilu alergennego i innych aspekt\u00f3w krytycznych. Nak\u0142adamy na wszystkich naszych dostawc\u00f3w i partner\u00f3w rygorystyczne wymagania dotycz\u0105ce substancji chemicznych, kt\u00f3re wykorzystujemy we wszystkich naszych produktach.<\/p>\n\n<p>OSZCZ\u0118DNO\u015a\u0106 ENERGII<\/p>\n\n<p>Ograniczamy zu\u017cycie kopalnych \u017ar\u00f3de\u0142 energii, wykorzystuj\u0105c g\u0142\u00f3wnie energi\u0119 odnawialn\u0105 produkowan\u0105 przez nasze ogniwa s\u0142oneczne, a\u017c do pokrycia w dni maksymalnego nas\u0142onecznienia 100% zapotrzebowania energetycznego.<\/p>\n\n<p>OSZCZ\u0118DNO\u015a\u0106 WODY<\/p>\n\n<p>Nie odprowadzamy \u015bciek\u00f3w do \u015brodowiska, lecz dzi\u0119ki bardzo zaawansowanym metodom organizacyjnym i skrupulatnym kontrolom mikrobiologicznym poddajemy recyklingowi niemal ca\u0142o\u015b\u0107.<\/p>\n\n<p>WP\u0141YW LOGISTYCZNY<\/p>\n\n<p>Produkujemy wewn\u0119trznie wi\u0119kszo\u015b\u0107 opakowa\u0144, aby unikn\u0105\u0107 niepotrzebnych koszt\u00f3w transportu.<\/p>\n\n<p>Powierzamy dostaw\u0119 naszych produkt\u00f3w przewo\u017anikom intermodalnym, aby ograniczy\u0107 transport drogowy.<\/p>\n\n<p>PRODUKTY<\/p>\n\n<p>Filozofia rozwoju naszych produkt\u00f3w ma na celu maksymalizacj\u0119 w miar\u0119 mo\u017cliwo\u015bci liczby zastosowa\u0144 dla ka\u017cdego produktu. Takie podej\u015bcie ma na celu zmniejszenie wp\u0142ywu na \u015brodowisko na wszystkich poziomach: opakowania, produkcji, transportu, dystrybucji i konsumpcji, z korzy\u015bciami zar\u00f3wno dla \u015brodowiska, jak i dla ekonomii konsumenta.<\/p>\n","protected":false},"excerpt":{"rendered":"<p>FILOZOFIA \u015aRODOWISKOWA DASTY INWESTYCJE ZR\u00d3WNOWA\u017bONE Dasty Italy S.p.a., dzi\u0119ki wsparciu finansowemu Unii Europejskiej, zrealizowa\u0142a projekt 4.0 o r\u00f3\u017cnych celach. Zakupiono urz\u0105dzenia po\u0142\u0105czone z systemem zarz\u0105dzania przedsi\u0119biorstwem w celu optymalizacji produkcji, gwarantuj\u0105c bezpiecze\u0144stwo i ekozr\u00f3wnowa\u017cenie. Zgodnie z krajowym planem Transizione 4.0, plan inwestycyjny skoncentrowa\u0142 si\u0119 na innowacyjnych inwestycjach, integruj\u0105c zaawansowane technologie produkcyjne. Umo\u017cliwi\u0142o to Dasty Italy [&#8230;]<\/p>\n<p><a class=\"btn btn-secondary understrap-read-more-link\" href=\"https:\/\/dasty.com\/pl\/filozofia\/\">Czytaj dalej\u2026<\/a><\/p>\n","protected":false},"author":1,"featured_media":21949,"parent":0,"menu_order":0,"comment_status":"closed","ping_status":"closed","template":"page-philosophy.php","meta":{"footnotes":""},"class_list":["post-24138","page","type-page","status-publish","has-post-thumbnail","hentry"],"_links":{"self":[{"href":"https:\/\/dasty.com\/pl\/wp-json\/wp\/v2\/pages\/24138","targetHints":{"allow":["GET"]}}],"collection":[{"href":"https:\/\/dasty.com\/pl\/wp-json\/wp\/v2\/pages"}],"about":[{"href":"https:\/\/dasty.com\/pl\/wp-json\/wp\/v2\/types\/page"}],"author":[{"embeddable":true,"href":"https:\/\/dasty.com\/pl\/wp-json\/wp\/v2\/users\/1"}],"replies":[{"embeddable":true,"href":"https:\/\/dasty.com\/pl\/wp-json\/wp\/v2\/comments?post=24138"}],"version-history":[{"count":1,"href":"https:\/\/dasty.com\/pl\/wp-json\/wp\/v2\/pages\/24138\/revisions"}],"predecessor-version":[{"id":24139,"href":"https:\/\/dasty.com\/pl\/wp-json\/wp\/v2\/pages\/24138\/revisions\/24139"}],"wp:featuredmedia":[{"embeddable":true,"href":"https:\/\/dasty.com\/pl\/wp-json\/wp\/v2\/media\/21949"}],"wp:attachment":[{"href":"https:\/\/dasty.com\/pl\/wp-json\/wp\/v2\/media?parent=24138"}],"curies":[{"name":"wp","href":"https:\/\/api.w.org\/{rel}","templated":true}]}}