{"id":5647,"date":"2023-03-16T11:02:40","date_gmt":"2023-03-16T11:02:40","guid":{"rendered":"https:\/\/www.dasty.com\/?post_type=product&#038;p=5647"},"modified":"2026-03-24T09:13:08","modified_gmt":"2026-03-24T09:13:08","slug":"dasty-dishwashing-degreaser-2","status":"publish","type":"product","link":"https:\/\/dasty.com\/it\/prodotto\/dasty-dishwashing-degreaser-2\/","title":{"rendered":"Dasty Express Dishwashing"},"content":{"rendered":"","protected":false},"excerpt":{"rendered":"<h4>Cos&#8217;\u00e8<\/h4>\n<p>DASTY EXPRESS DISHWASHING \u00e8 veloce e facile da usare: una spruzzata e via! Ideale quando devi lavare poche stoviglie, risparmiando cos\u00ec tempo ed energia! La sua schiuma leggera \u00e8 molto efficace sullo sporco grasso ma al tempo stesso \u00e8 facile da risciacquare. Rilascia una fantastica fragranza di Limone Verde in tutto l\u2019ambiente e non rovina le mani grazie alle materie prime altamente selezionate.<\/p>\n<h4>Come si Usa<\/h4>\n<p>Spruzzare direttamente il prodotto sulle stoviglie da lavare, passare con una spugna e risciacquare. [&#8230;]<\/p>\n<p><a class=\"btn btn-secondary understrap-read-more-link\" href=\"https:\/\/dasty.com\/it\/prodotto\/dasty-dishwashing-degreaser-2\/\">Leggi di pi\u00f9&#8230;<\/a><\/p>\n","protected":false},"featured_media":7118,"comment_status":"open","ping_status":"closed","template":"","meta":[],"product_cat":[444,17],"product_tag":[],"class_list":["post-5647","product","type-product","status-publish","has-post-thumbnail","hentry","product_cat-tutti-i-prodotti","product_cat-cura-cucina"],"_links":{"self":[{"href":"https:\/\/dasty.com\/it\/wp-json\/wp\/v2\/product\/5647","targetHints":{"allow":["GET"]}}],"collection":[{"href":"https:\/\/dasty.com\/it\/wp-json\/wp\/v2\/product"}],"about":[{"href":"https:\/\/dasty.com\/it\/wp-json\/wp\/v2\/types\/product"}],"replies":[{"embeddable":true,"href":"https:\/\/dasty.com\/it\/wp-json\/wp\/v2\/comments?post=5647"}],"wp:featuredmedia":[{"embeddable":true,"href":"https:\/\/dasty.com\/it\/wp-json\/wp\/v2\/media\/7118"}],"wp:attachment":[{"href":"https:\/\/dasty.com\/it\/wp-json\/wp\/v2\/media?parent=5647"}],"wp:term":[{"taxonomy":"product_cat","embeddable":true,"href":"https:\/\/dasty.com\/it\/wp-json\/wp\/v2\/product_cat?post=5647"},{"taxonomy":"product_tag","embeddable":true,"href":"https:\/\/dasty.com\/it\/wp-json\/wp\/v2\/product_tag?post=5647"}],"curies":[{"name":"wp","href":"https:\/\/api.w.org\/{rel}","templated":true}]}}