{"id":3912,"date":"2022-06-22T15:00:29","date_gmt":"2022-06-22T15:00:29","guid":{"rendered":"https:\/\/www.dasty.com\/?post_type=product&#038;p=3912"},"modified":"2022-06-24T14:21:25","modified_gmt":"2022-06-24T14:21:25","slug":"dasty-dishwasher-care-shop6pz","status":"publish","type":"product","link":"https:\/\/dasty.com\/it\/prodotto\/dasty-dishwasher-care-shop6pz\/","title":{"rendered":"SHOP6PZ-Dasty Dishwasher Care"},"content":{"rendered":"","protected":false},"excerpt":{"rendered":"<h4>Cos&#8217;\u00e8<\/h4>\n<p>DASTY DISHWASHER CARE pulisce in profondit\u00e0 la tua lavastoviglie e si prende cura delle sue parti vitali perch\u00e8 elimina il grasso che si deposita nelle zone pi\u00f9 difficili da raggiungere; rimuove il calcare che si deposita sulla resistenza della lavastoviglie; pulisce le tubazioni e le parti nascoste della macchina; neutralizza le fonti di cattivi odori. Dasty Dishwasher Care si prende cura della tua lavastoviglie perch\u00e8 \u00e8 un vero cosmetico della tua casa.<\/p>\n<h4>Come si Usa<\/h4>\n<p>Vuotare la lavastoviglie. Non svitare il tappo ma staccare solamente la piccola etichetta adesiva posta sopra. Inserire la bottiglia capovolta ed avviare un ciclo di lavaggio ad alta temperatura. [&#8230;]<\/p>\n<p><a class=\"btn btn-secondary understrap-read-more-link\" href=\"https:\/\/dasty.com\/it\/prodotto\/dasty-dishwasher-care-shop6pz\/\">Leggi di pi\u00f9&#8230;<\/a><\/p>\n","protected":false},"featured_media":2448,"comment_status":"open","ping_status":"closed","template":"","meta":[],"product_cat":[444,17],"product_tag":[],"class_list":["post-3912","product","type-product","status-publish","has-post-thumbnail","hentry","product_cat-tutti-i-prodotti","product_cat-cura-cucina"],"_links":{"self":[{"href":"https:\/\/dasty.com\/it\/wp-json\/wp\/v2\/product\/3912","targetHints":{"allow":["GET"]}}],"collection":[{"href":"https:\/\/dasty.com\/it\/wp-json\/wp\/v2\/product"}],"about":[{"href":"https:\/\/dasty.com\/it\/wp-json\/wp\/v2\/types\/product"}],"replies":[{"embeddable":true,"href":"https:\/\/dasty.com\/it\/wp-json\/wp\/v2\/comments?post=3912"}],"wp:featuredmedia":[{"embeddable":true,"href":"https:\/\/dasty.com\/it\/wp-json\/wp\/v2\/media\/2448"}],"wp:attachment":[{"href":"https:\/\/dasty.com\/it\/wp-json\/wp\/v2\/media?parent=3912"}],"wp:term":[{"taxonomy":"product_cat","embeddable":true,"href":"https:\/\/dasty.com\/it\/wp-json\/wp\/v2\/product_cat?post=3912"},{"taxonomy":"product_tag","embeddable":true,"href":"https:\/\/dasty.com\/it\/wp-json\/wp\/v2\/product_tag?post=3912"}],"curies":[{"name":"wp","href":"https:\/\/api.w.org\/{rel}","templated":true}]}}