{"id":6311,"date":"2023-07-28T09:14:59","date_gmt":"2023-07-28T09:14:59","guid":{"rendered":"https:\/\/www.dasty.com\/?post_type=product&#038;p=6311"},"modified":"2024-10-05T08:28:30","modified_gmt":"2024-10-05T08:28:30","slug":"dasty-sgrassatore-classic-recharge","status":"publish","type":"product","link":"https:\/\/dasty.com\/fr\/prodotto\/dasty-sgrassatore-classic-recharge\/","title":{"rendered":"Dasty Super Degreaser Recharge"},"content":{"rendered":"","protected":false},"excerpt":{"rendered":"<h4>Qu&rsquo;est-ce que<\/h4>\n<p>DASTY SUPER DEGREASER, le d\u00e9graissant universel original, est la solution id\u00e9ale \u00e0 l&rsquo;int\u00e9rieur et \u00e0 l&rsquo;ext\u00e9rieur de votre maison, dans le garage et dans le jardin : fours, plaques de cuisson, hottes aspirantes, grils, trancheuses, sols, vaisselle (pr\u00e9-traitement), chaussures de sport, motos, v\u00e9los, poignets et cols (pr\u00e9-traitement) et bien d&rsquo;autres taches difficiles: d\u00e9couvrez la centaine d&rsquo;utilisations sur notre site www.dastydegreaser.com\/fr .<\/p>\n<h4>Comment utiliser<\/h4>\n<p>Pour les taches tenaces, laissez agir au maximum 3 minutes, puis rincez. Fours: temp\u00e9rature maximum de 40-50 \u00b0C. Filtres de hottes et pi\u00e8ces m\u00e9caniques: diluez \u00e0 50 % dans un bol, plongez les pi\u00e8ces \u00e0 nettoyer, laissez agir au maximum 10 min. Rincer. [&#8230;]<\/p>\n<p><a class=\"btn btn-secondary understrap-read-more-link\" href=\"https:\/\/dasty.com\/fr\/prodotto\/dasty-sgrassatore-classic-recharge\/\">Lire la suite&#8230;<\/a><\/p>\n","protected":false},"featured_media":7332,"comment_status":"open","ping_status":"closed","template":"","meta":[],"product_cat":[456,460,464],"product_tag":[],"class_list":["post-6311","product","type-product","status-publish","has-post-thumbnail","hentry","product_cat-tous-les-produits","product_cat-entretien-interieur-de-la-maison","product_cat-entretien-exterieur-de-la-maison"],"_links":{"self":[{"href":"https:\/\/dasty.com\/fr\/wp-json\/wp\/v2\/product\/6311","targetHints":{"allow":["GET"]}}],"collection":[{"href":"https:\/\/dasty.com\/fr\/wp-json\/wp\/v2\/product"}],"about":[{"href":"https:\/\/dasty.com\/fr\/wp-json\/wp\/v2\/types\/product"}],"replies":[{"embeddable":true,"href":"https:\/\/dasty.com\/fr\/wp-json\/wp\/v2\/comments?post=6311"}],"wp:featuredmedia":[{"embeddable":true,"href":"https:\/\/dasty.com\/fr\/wp-json\/wp\/v2\/media\/7332"}],"wp:attachment":[{"href":"https:\/\/dasty.com\/fr\/wp-json\/wp\/v2\/media?parent=6311"}],"wp:term":[{"taxonomy":"product_cat","embeddable":true,"href":"https:\/\/dasty.com\/fr\/wp-json\/wp\/v2\/product_cat?post=6311"},{"taxonomy":"product_tag","embeddable":true,"href":"https:\/\/dasty.com\/fr\/wp-json\/wp\/v2\/product_tag?post=6311"}],"curies":[{"name":"wp","href":"https:\/\/api.w.org\/{rel}","templated":true}]}}