{"id":6062,"date":"2023-04-04T12:13:07","date_gmt":"2023-04-04T12:13:07","guid":{"rendered":"https:\/\/www.dasty.com\/?post_type=product&#038;p=6062"},"modified":"2024-10-05T08:31:51","modified_gmt":"2024-10-05T08:31:51","slug":"dasty-drain-cleaner-copy-copy","status":"publish","type":"product","link":"https:\/\/dasty.com\/fr\/prodotto\/dasty-drain-cleaner-copy-copy\/","title":{"rendered":"Dasty Descaler"},"content":{"rendered":"","protected":false},"excerpt":{"rendered":"<h4>Qu&rsquo;est-ce que<\/h4>\n<p>DASTY D\u00c9TARTRANT est un produit pour \u00e9liminer le tartre qui se d\u00e9pose dans le r\u00e9servoir et dans les filtres. Ne laisse pas de r\u00e9sidus, n\u2019abime pas le plastique et n\u2019est pas toxique. Utilis\u00e9 r\u00e9guli\u00e8rement, il garantit une plus longue dur\u00e9e des appareils \u00e9lectrom\u00e9nagers.<\/p>\n<h4>Comment utiliser<\/h4>\n<p>Bouilloire\u00a0: Verser 75 ml (une demi-tasse de th\u00e9) dans le r\u00e9servoir, laisser agir pendant 5 min. et remplir d\u2019eau jusqu\u2019\u00e0 obtenir 1\/2 l de solution. Laisser agir pendant 20 min. Rincer.<br \/>\nMachine \u00e0 caf\u00e9\u00a0: (1) Verser dans le r\u00e9servoir 75 ml et remplir d\u2019eau jusqu\u2019\u00e0 obtenir 1\/2 l de solution. (2) Faire couler 2 tasses d\u2019eau chaude\/vapeur. (3) Laisser agir pendant 20 min.<br \/>\nR\u00e9p\u00e9ter (2) et (3) et vider le r\u00e9servoir. Laver et effectuer le rin\u00e7age. [&#8230;]<\/p>\n<p><a class=\"btn btn-secondary understrap-read-more-link\" href=\"https:\/\/dasty.com\/fr\/prodotto\/dasty-drain-cleaner-copy-copy\/\">Lire la suite&#8230;<\/a><\/p>\n","protected":false},"featured_media":7130,"comment_status":"open","ping_status":"closed","template":"","meta":[],"product_cat":[456,460],"product_tag":[],"class_list":["post-6062","product","type-product","status-publish","has-post-thumbnail","hentry","product_cat-tous-les-produits","product_cat-entretien-interieur-de-la-maison"],"_links":{"self":[{"href":"https:\/\/dasty.com\/fr\/wp-json\/wp\/v2\/product\/6062","targetHints":{"allow":["GET"]}}],"collection":[{"href":"https:\/\/dasty.com\/fr\/wp-json\/wp\/v2\/product"}],"about":[{"href":"https:\/\/dasty.com\/fr\/wp-json\/wp\/v2\/types\/product"}],"replies":[{"embeddable":true,"href":"https:\/\/dasty.com\/fr\/wp-json\/wp\/v2\/comments?post=6062"}],"wp:featuredmedia":[{"embeddable":true,"href":"https:\/\/dasty.com\/fr\/wp-json\/wp\/v2\/media\/7130"}],"wp:attachment":[{"href":"https:\/\/dasty.com\/fr\/wp-json\/wp\/v2\/media?parent=6062"}],"wp:term":[{"taxonomy":"product_cat","embeddable":true,"href":"https:\/\/dasty.com\/fr\/wp-json\/wp\/v2\/product_cat?post=6062"},{"taxonomy":"product_tag","embeddable":true,"href":"https:\/\/dasty.com\/fr\/wp-json\/wp\/v2\/product_tag?post=6062"}],"curies":[{"name":"wp","href":"https:\/\/api.w.org\/{rel}","templated":true}]}}