{"id":5766,"date":"2023-04-03T09:30:54","date_gmt":"2023-04-03T09:30:54","guid":{"rendered":"https:\/\/www.dasty.com\/?post_type=product&#038;p=5766"},"modified":"2025-11-17T13:02:29","modified_gmt":"2025-11-17T13:02:29","slug":"dasty-dishwashing-express-copy","status":"publish","type":"product","link":"https:\/\/dasty.com\/fr\/prodotto\/dasty-dishwashing-express-copy\/","title":{"rendered":"Dasty Drain Unblocker"},"content":{"rendered":"","protected":false},"excerpt":{"rendered":"<h4>Qu&rsquo;est-ce que<\/h4>\n<p>DASTY D\u00c9BOUCHEUR CANALISATIONS \u00e9limine les blocages les plus tenaces et les mauvaises odeurs, m\u00eame en pr\u00e9sence d&rsquo;eau stagnante. Sans danger pour les tuyaux, nettoie les tuyaux et les drains bouch\u00e9s.<\/p>\n<h4>Comment utiliser<\/h4>\n<p>Appuyez sur le bouchon et d\u00e9vissez. Verser l&rsquo;entier contenu du flacon dans le tube de vidange, m\u00eame en pr\u00e9sence d&rsquo;eau stagnante. Laisser agir 15 minutes. Faites couler de l&rsquo;eau chaude. Utilisez p\u00e9riodiquement pour garder les drains d\u00e9gag\u00e9s, pr\u00e9venir les blocages et \u00e9liminer les mauvaises odeurs. [&#8230;]<\/p>\n<p><a class=\"btn btn-secondary understrap-read-more-link\" href=\"https:\/\/dasty.com\/fr\/prodotto\/dasty-dishwashing-express-copy\/\">Lire la suite&#8230;<\/a><\/p>\n","protected":false},"featured_media":22910,"comment_status":"open","ping_status":"closed","template":"","meta":[],"product_cat":[456,460],"product_tag":[],"class_list":["post-5766","product","type-product","status-publish","has-post-thumbnail","hentry","product_cat-tous-les-produits","product_cat-entretien-interieur-de-la-maison"],"_links":{"self":[{"href":"https:\/\/dasty.com\/fr\/wp-json\/wp\/v2\/product\/5766","targetHints":{"allow":["GET"]}}],"collection":[{"href":"https:\/\/dasty.com\/fr\/wp-json\/wp\/v2\/product"}],"about":[{"href":"https:\/\/dasty.com\/fr\/wp-json\/wp\/v2\/types\/product"}],"replies":[{"embeddable":true,"href":"https:\/\/dasty.com\/fr\/wp-json\/wp\/v2\/comments?post=5766"}],"wp:featuredmedia":[{"embeddable":true,"href":"https:\/\/dasty.com\/fr\/wp-json\/wp\/v2\/media\/22910"}],"wp:attachment":[{"href":"https:\/\/dasty.com\/fr\/wp-json\/wp\/v2\/media?parent=5766"}],"wp:term":[{"taxonomy":"product_cat","embeddable":true,"href":"https:\/\/dasty.com\/fr\/wp-json\/wp\/v2\/product_cat?post=5766"},{"taxonomy":"product_tag","embeddable":true,"href":"https:\/\/dasty.com\/fr\/wp-json\/wp\/v2\/product_tag?post=5766"}],"curies":[{"name":"wp","href":"https:\/\/api.w.org\/{rel}","templated":true}]}}