{"id":5650,"date":"2023-03-16T11:02:40","date_gmt":"2023-03-16T11:02:40","guid":{"rendered":"https:\/\/www.dasty.com\/?post_type=product&#038;p=5650"},"modified":"2024-10-05T08:36:12","modified_gmt":"2024-10-05T08:36:12","slug":"dasty-dishwashing-degreaser-copy","status":"publish","type":"product","link":"https:\/\/dasty.com\/fr\/prodotto\/dasty-dishwashing-degreaser-copy\/","title":{"rendered":"Dasty Express Dishwashing"},"content":{"rendered":"","protected":false},"excerpt":{"rendered":"<h4>Qu&rsquo;est-ce que<\/h4>\n<p>DASTY EXPRESS DISHWASHING est rapide et facile \u00e0 utiliser : une touche et c&rsquo;est parti ! Id\u00e9al lorsque vous ne devez laver que peu de vaisselle, \u00e9conomisant ainsi du temps et de l&rsquo;\u00e9nergie ! Sa mousse l\u00e9g\u00e8re est tr\u00e8s efficace sur les salissures grasses mais en m\u00eame temps elle se rince facilement. Lib\u00e8re un fantastique parfum de Citron Vert dans toute la pi\u00e8ce et n&rsquo;ab\u00eeme pas vos mains gr\u00e2ce aux mati\u00e8res premi\u00e8res hautement s\u00e9lectionn\u00e9es.<\/p>\n<h4>Comment utiliser<\/h4>\n<p>Vaporiser le produit directement sur la vaisselle \u00e0 laver, essuyer avec une \u00e9ponge et rincer. [&#8230;]<\/p>\n<p><a class=\"btn btn-secondary understrap-read-more-link\" href=\"https:\/\/dasty.com\/fr\/prodotto\/dasty-dishwashing-degreaser-copy\/\">Lire la suite&#8230;<\/a><\/p>\n","protected":false},"featured_media":7122,"comment_status":"open","ping_status":"closed","template":"","meta":[],"product_cat":[456,460],"product_tag":[],"class_list":["post-5650","product","type-product","status-publish","has-post-thumbnail","hentry","product_cat-tous-les-produits","product_cat-entretien-interieur-de-la-maison"],"_links":{"self":[{"href":"https:\/\/dasty.com\/fr\/wp-json\/wp\/v2\/product\/5650","targetHints":{"allow":["GET"]}}],"collection":[{"href":"https:\/\/dasty.com\/fr\/wp-json\/wp\/v2\/product"}],"about":[{"href":"https:\/\/dasty.com\/fr\/wp-json\/wp\/v2\/types\/product"}],"replies":[{"embeddable":true,"href":"https:\/\/dasty.com\/fr\/wp-json\/wp\/v2\/comments?post=5650"}],"wp:featuredmedia":[{"embeddable":true,"href":"https:\/\/dasty.com\/fr\/wp-json\/wp\/v2\/media\/7122"}],"wp:attachment":[{"href":"https:\/\/dasty.com\/fr\/wp-json\/wp\/v2\/media?parent=5650"}],"wp:term":[{"taxonomy":"product_cat","embeddable":true,"href":"https:\/\/dasty.com\/fr\/wp-json\/wp\/v2\/product_cat?post=5650"},{"taxonomy":"product_tag","embeddable":true,"href":"https:\/\/dasty.com\/fr\/wp-json\/wp\/v2\/product_tag?post=5650"}],"curies":[{"name":"wp","href":"https:\/\/api.w.org\/{rel}","templated":true}]}}