{"id":3312,"date":"2022-01-15T12:05:54","date_gmt":"2022-01-15T12:05:54","guid":{"rendered":"https:\/\/www.dasty.com\/prodotto\/dasty-glass-multisurfaces-a-lammoniaque\/"},"modified":"2024-10-05T09:40:38","modified_gmt":"2024-10-05T09:40:38","slug":"dasty-glass-multisurfaces-con-ammoniaca-2","status":"publish","type":"product","link":"https:\/\/dasty.com\/fr\/prodotto\/dasty-glass-multisurfaces-con-ammoniaca-2\/","title":{"rendered":"Dasty Multisurface &#038; Glass | White Musk"},"content":{"rendered":"","protected":false},"excerpt":{"rendered":"<h4>Qu&rsquo;est-ce que<\/h4>\n<p>DASTY MULTISURFACE &amp; GLASS est un d\u00e9tergent tr\u00e8s parfum\u00e9 pour nettoyer le verre, les vitres, les miroirs, les cristaux, les vitres de voiture, les surfaces en acier inoxydable et toutes les surfaces lavables. Il absorbe la poussi\u00e8re plus efficacement qu&rsquo;un simple chiffon sec, \u00e9liminant les taches et les marques sur toutes les surfaces. Il ne laisse pas de halos. Id\u00e9al pour un usage quotidien, il laisse un parfum intense dans tous les environnements.<\/p>\n<h4>Comment utiliser<\/h4>\n<p>Vaporisez \u00e0 20-25 cm de la surface \u00e0 nettoyer. Puis, passez du papier ou un chiffon sec.<\/p>\n<p><a href=\"https:\/\/www.youtube.com\/watch?v=G9yGmUleveM&amp;list=PLxcBoUFslG-03D1dg-AZYFVEgfkAYpvn-&amp;pp=iAQB\"><strong>VISIONNER LES TUTORIELS<\/strong><\/a> [&#8230;]<\/p>\n<p><a class=\"btn btn-secondary understrap-read-more-link\" href=\"https:\/\/dasty.com\/fr\/prodotto\/dasty-glass-multisurfaces-con-ammoniaca-2\/\">Lire la suite&#8230;<\/a><\/p>\n","protected":false},"featured_media":7090,"comment_status":"open","ping_status":"closed","template":"","meta":[],"product_cat":[456,460,464,468],"product_tag":[],"class_list":["post-3312","product","type-product","status-publish","has-post-thumbnail","hentry","product_cat-tous-les-produits","product_cat-entretien-interieur-de-la-maison","product_cat-entretien-exterieur-de-la-maison","product_cat-temps-de-loisir"],"_links":{"self":[{"href":"https:\/\/dasty.com\/fr\/wp-json\/wp\/v2\/product\/3312","targetHints":{"allow":["GET"]}}],"collection":[{"href":"https:\/\/dasty.com\/fr\/wp-json\/wp\/v2\/product"}],"about":[{"href":"https:\/\/dasty.com\/fr\/wp-json\/wp\/v2\/types\/product"}],"replies":[{"embeddable":true,"href":"https:\/\/dasty.com\/fr\/wp-json\/wp\/v2\/comments?post=3312"}],"wp:featuredmedia":[{"embeddable":true,"href":"https:\/\/dasty.com\/fr\/wp-json\/wp\/v2\/media\/7090"}],"wp:attachment":[{"href":"https:\/\/dasty.com\/fr\/wp-json\/wp\/v2\/media?parent=3312"}],"wp:term":[{"taxonomy":"product_cat","embeddable":true,"href":"https:\/\/dasty.com\/fr\/wp-json\/wp\/v2\/product_cat?post=3312"},{"taxonomy":"product_tag","embeddable":true,"href":"https:\/\/dasty.com\/fr\/wp-json\/wp\/v2\/product_tag?post=3312"}],"curies":[{"name":"wp","href":"https:\/\/api.w.org\/{rel}","templated":true}]}}