{"id":3267,"date":"2022-01-17T15:16:34","date_gmt":"2022-01-17T15:16:34","guid":{"rendered":"https:\/\/www.dasty.com\/prodotto\/dasty-sgrassatore-classic\/"},"modified":"2025-03-11T09:16:23","modified_gmt":"2025-03-11T09:16:23","slug":"dasty-sgrassatore-classic-il-vero-100-usi-2","status":"publish","type":"product","link":"https:\/\/dasty.com\/fr\/prodotto\/dasty-sgrassatore-classic-il-vero-100-usi-2\/","title":{"rendered":"Dasty Super Degreaser"},"content":{"rendered":"","protected":false},"excerpt":{"rendered":"<h4>Qu&rsquo;est-ce que<\/h4>\n<p>DASTY SUPER DEGREASER, le d\u00e9graissant universel original, est la solution id\u00e9ale \u00e0 l&rsquo;int\u00e9rieur et \u00e0 l&rsquo;ext\u00e9rieur de votre maison, dans le garage et dans le jardin : fours, plaques de cuisson, hottes aspirantes, grils, trancheuses, sols, vaisselle (pr\u00e9-traitement), chaussures de sport, motos, v\u00e9los, poignets et cols (pr\u00e9-traitement) et bien d&rsquo;autres taches difficiles: d\u00e9couvrez la centaine d&rsquo;utilisations sur notre site www.dastydegreaser.com\/fr .<\/p>\n<h4>Comment utiliser<\/h4>\n<p>Pour les taches tenaces, laissez agir au maximum 3 minutes, puis rincez. Fours: temp\u00e9rature maximum de 40-50 \u00b0C. Filtres de hottes et pi\u00e8ces m\u00e9caniques: diluez \u00e0 50 % dans un bol, plongez les pi\u00e8ces \u00e0 nettoyer, laissez agir au maximum 10 min. Rincer. [&#8230;]<\/p>\n<p><a class=\"btn btn-secondary understrap-read-more-link\" href=\"https:\/\/dasty.com\/fr\/prodotto\/dasty-sgrassatore-classic-il-vero-100-usi-2\/\">Lire la suite&#8230;<\/a><\/p>\n","protected":false},"featured_media":7380,"comment_status":"open","ping_status":"closed","template":"","meta":[],"product_cat":[460,464,472,456],"product_tag":[],"class_list":["post-3267","product","type-product","status-publish","has-post-thumbnail","hentry","product_cat-entretien-interieur-de-la-maison","product_cat-entretien-exterieur-de-la-maison","product_cat-entretien-du-linge","product_cat-tous-les-produits"],"_links":{"self":[{"href":"https:\/\/dasty.com\/fr\/wp-json\/wp\/v2\/product\/3267","targetHints":{"allow":["GET"]}}],"collection":[{"href":"https:\/\/dasty.com\/fr\/wp-json\/wp\/v2\/product"}],"about":[{"href":"https:\/\/dasty.com\/fr\/wp-json\/wp\/v2\/types\/product"}],"replies":[{"embeddable":true,"href":"https:\/\/dasty.com\/fr\/wp-json\/wp\/v2\/comments?post=3267"}],"wp:featuredmedia":[{"embeddable":true,"href":"https:\/\/dasty.com\/fr\/wp-json\/wp\/v2\/media\/7380"}],"wp:attachment":[{"href":"https:\/\/dasty.com\/fr\/wp-json\/wp\/v2\/media?parent=3267"}],"wp:term":[{"taxonomy":"product_cat","embeddable":true,"href":"https:\/\/dasty.com\/fr\/wp-json\/wp\/v2\/product_cat?post=3267"},{"taxonomy":"product_tag","embeddable":true,"href":"https:\/\/dasty.com\/fr\/wp-json\/wp\/v2\/product_tag?post=3267"}],"curies":[{"name":"wp","href":"https:\/\/api.w.org\/{rel}","templated":true}]}}