{"id":3246,"date":"2022-03-01T11:31:00","date_gmt":"2022-03-01T11:31:00","guid":{"rendered":"https:\/\/www.dasty.com\/prodotto\/dasty-power-degreaser\/"},"modified":"2024-10-05T09:19:20","modified_gmt":"2024-10-05T09:19:20","slug":"dasty-power-degreaser","status":"publish","type":"product","link":"https:\/\/dasty.com\/fr\/prodotto\/dasty-power-degreaser\/","title":{"rendered":"Dasty Power Degreaser"},"content":{"rendered":"","protected":false},"excerpt":{"rendered":"<h4>Qu&rsquo;est-ce que<\/h4>\n<p>DASTY POWER DEGREASER, est le d\u00e9graissant professionnel \u00e0 haute concentration con\u00e7u pour \u00e9liminer l&rsquo;huile et la salet\u00e9 grasse sur toute pi\u00e8ce m\u00e9canique et les grandes surfaces. Indispensable dans le garage et l&rsquo;atelier pour les voitures, motos, camions, bateaux, caravanes et pour tous les outils. C&rsquo;est un alli\u00e9 pr\u00e9cieux \u00e0 la maison dans toutes les situations difficiles, pour le jardinage et le bricolage.<\/p>\n<h4>Comment utiliser<\/h4>\n<p>Vaporisez Dasty Power Degreaser sur la surface \u00e0 nettoyer, laissez agir 3 minutes maximum, rincez. Pour les pi\u00e8ces m\u00e9caniques, outils ou filtres : versez le produit dans un bol et laissez agir 10 minutes maximum puis rincez.<\/p>\n<p><a href=\"https:\/\/www.youtube.com\/shorts\/JO76xPICwdI?feature=share&amp;cbrd=1\"><strong>VISIONNER LES TUTORIELS<\/strong><\/a> [&#8230;]<\/p>\n<p><a class=\"btn btn-secondary understrap-read-more-link\" href=\"https:\/\/dasty.com\/fr\/prodotto\/dasty-power-degreaser\/\">Lire la suite&#8230;<\/a><\/p>\n","protected":false},"featured_media":7058,"comment_status":"open","ping_status":"closed","template":"","meta":[],"product_cat":[456,468],"product_tag":[],"class_list":["post-3246","product","type-product","status-publish","has-post-thumbnail","hentry","product_cat-tous-les-produits","product_cat-temps-de-loisir"],"_links":{"self":[{"href":"https:\/\/dasty.com\/fr\/wp-json\/wp\/v2\/product\/3246","targetHints":{"allow":["GET"]}}],"collection":[{"href":"https:\/\/dasty.com\/fr\/wp-json\/wp\/v2\/product"}],"about":[{"href":"https:\/\/dasty.com\/fr\/wp-json\/wp\/v2\/types\/product"}],"replies":[{"embeddable":true,"href":"https:\/\/dasty.com\/fr\/wp-json\/wp\/v2\/comments?post=3246"}],"wp:featuredmedia":[{"embeddable":true,"href":"https:\/\/dasty.com\/fr\/wp-json\/wp\/v2\/media\/7058"}],"wp:attachment":[{"href":"https:\/\/dasty.com\/fr\/wp-json\/wp\/v2\/media?parent=3246"}],"wp:term":[{"taxonomy":"product_cat","embeddable":true,"href":"https:\/\/dasty.com\/fr\/wp-json\/wp\/v2\/product_cat?post=3246"},{"taxonomy":"product_tag","embeddable":true,"href":"https:\/\/dasty.com\/fr\/wp-json\/wp\/v2\/product_tag?post=3246"}],"curies":[{"name":"wp","href":"https:\/\/api.w.org\/{rel}","templated":true}]}}