{"id":3208,"date":"2021-12-09T11:00:24","date_gmt":"2021-12-09T11:00:24","guid":{"rendered":"https:\/\/www.dasty.com\/prodotto\/dasty-multipurpose-cleaner-ocean\/"},"modified":"2024-10-05T09:01:36","modified_gmt":"2024-10-05T09:01:36","slug":"dasty-multipurpose-cleaner-2","status":"publish","type":"product","link":"https:\/\/dasty.com\/fr\/prodotto\/dasty-multipurpose-cleaner-2\/","title":{"rendered":"Dasty Gel MultiSurface Care | Ocean"},"content":{"rendered":"","protected":false},"excerpt":{"rendered":"<h4>Qu&rsquo;est-ce que<\/h4>\n<p>DASTY GEL MULTISURFACE CARE contient un agent polissant particulier qui, lorsqu&rsquo;il est utilis\u00e9 quotidiennement, redonne l&rsquo;\u00e9clat d&rsquo;origine \u00e0 vos sols, en \u00e9liminant tous les types de salissures et en laissant l&rsquo;environnement intens\u00e9ment parfum\u00e9. Id\u00e9al pour toutes les surfaces, il est disponible en 3 parfums agr\u00e9ables.<\/p>\n<h4>Comment utiliser<\/h4>\n<p>Diluez 3 bouchons dans 5 litres d&rsquo;eau. Il ne n\u00e9cessite pas de rin\u00e7age. [&#8230;]<\/p>\n<p><a class=\"btn btn-secondary understrap-read-more-link\" href=\"https:\/\/dasty.com\/fr\/prodotto\/dasty-multipurpose-cleaner-2\/\">Lire la suite&#8230;<\/a><\/p>\n","protected":false},"featured_media":7106,"comment_status":"open","ping_status":"closed","template":"","meta":[],"product_cat":[456],"product_tag":[],"class_list":["post-3208","product","type-product","status-publish","has-post-thumbnail","hentry","product_cat-tous-les-produits"],"_links":{"self":[{"href":"https:\/\/dasty.com\/fr\/wp-json\/wp\/v2\/product\/3208","targetHints":{"allow":["GET"]}}],"collection":[{"href":"https:\/\/dasty.com\/fr\/wp-json\/wp\/v2\/product"}],"about":[{"href":"https:\/\/dasty.com\/fr\/wp-json\/wp\/v2\/types\/product"}],"replies":[{"embeddable":true,"href":"https:\/\/dasty.com\/fr\/wp-json\/wp\/v2\/comments?post=3208"}],"wp:featuredmedia":[{"embeddable":true,"href":"https:\/\/dasty.com\/fr\/wp-json\/wp\/v2\/media\/7106"}],"wp:attachment":[{"href":"https:\/\/dasty.com\/fr\/wp-json\/wp\/v2\/media?parent=3208"}],"wp:term":[{"taxonomy":"product_cat","embeddable":true,"href":"https:\/\/dasty.com\/fr\/wp-json\/wp\/v2\/product_cat?post=3208"},{"taxonomy":"product_tag","embeddable":true,"href":"https:\/\/dasty.com\/fr\/wp-json\/wp\/v2\/product_tag?post=3208"}],"curies":[{"name":"wp","href":"https:\/\/api.w.org\/{rel}","templated":true}]}}