{"id":3163,"date":"2022-03-09T09:37:01","date_gmt":"2022-03-09T09:37:01","guid":{"rendered":"https:\/\/www.dasty.com\/prodotto\/dasty-super-cleaner-walls-tiles\/"},"modified":"2026-04-17T10:36:24","modified_gmt":"2026-04-17T10:36:24","slug":"dasty-walls-grout-stain-remover","status":"publish","type":"product","link":"https:\/\/dasty.com\/fr\/prodotto\/dasty-walls-grout-stain-remover\/","title":{"rendered":"Dasty Walls &#038; Grout | Stain Remover"},"content":{"rendered":"","protected":false},"excerpt":{"rendered":"<h4>Qu&rsquo;est-ce que<\/h4>\n<p>DASTY D\u00c9TACHANT MURS ET JOINTS blanchit les taches sur les murs, plafonds, joints de carrelage, joints en silicone entre la baignoire et les murs ou dans la cabine de douche. Gr\u00e2ce \u00e0 son efficacit\u00e9 nettoyante, il est id\u00e9al pour des environnements tels que les cuisines, salles de bains, douches, caves, garages, chaufferies, buanderies et surfaces ext\u00e9rieures.<\/p>\n<h4>Comment utiliser<\/h4>\n<p>Vaporiser le produit sur la surface \u00e0 traiter \u00e0 une distance de 3 \u00e0 5\u00a0cm. Laisser agir 10 \u00e0 30 minutes selon le niveau de salet\u00e9\/tache \u00e0 \u00e9liminer, frotter avec une \u00e9ponge ou une brosse, puis nettoyer \u00e0 l&rsquo;eau. En cas de surfaces tr\u00e8s sales, r\u00e9p\u00e9ter le traitement apr\u00e8s 10 minutes.<\/p>\n<p><a href=\"https:\/\/www.youtube.com\/shorts\/1CXxAW4UzR0?feature=share\"><strong>VISIONNER LES TUTORIELS<\/strong><\/a> [&#8230;]<\/p>\n<p><a class=\"btn btn-secondary understrap-read-more-link\" href=\"https:\/\/dasty.com\/fr\/prodotto\/dasty-walls-grout-stain-remover\/\">Lire la suite&#8230;<\/a><\/p>\n","protected":false},"featured_media":24452,"comment_status":"open","ping_status":"closed","template":"","meta":[],"product_cat":[456,460,464,468],"product_tag":[],"class_list":["post-3163","product","type-product","status-publish","has-post-thumbnail","hentry","product_cat-tous-les-produits","product_cat-entretien-interieur-de-la-maison","product_cat-entretien-exterieur-de-la-maison","product_cat-temps-de-loisir"],"_links":{"self":[{"href":"https:\/\/dasty.com\/fr\/wp-json\/wp\/v2\/product\/3163","targetHints":{"allow":["GET"]}}],"collection":[{"href":"https:\/\/dasty.com\/fr\/wp-json\/wp\/v2\/product"}],"about":[{"href":"https:\/\/dasty.com\/fr\/wp-json\/wp\/v2\/types\/product"}],"replies":[{"embeddable":true,"href":"https:\/\/dasty.com\/fr\/wp-json\/wp\/v2\/comments?post=3163"}],"wp:featuredmedia":[{"embeddable":true,"href":"https:\/\/dasty.com\/fr\/wp-json\/wp\/v2\/media\/24452"}],"wp:attachment":[{"href":"https:\/\/dasty.com\/fr\/wp-json\/wp\/v2\/media?parent=3163"}],"wp:term":[{"taxonomy":"product_cat","embeddable":true,"href":"https:\/\/dasty.com\/fr\/wp-json\/wp\/v2\/product_cat?post=3163"},{"taxonomy":"product_tag","embeddable":true,"href":"https:\/\/dasty.com\/fr\/wp-json\/wp\/v2\/product_tag?post=3163"}],"curies":[{"name":"wp","href":"https:\/\/api.w.org\/{rel}","templated":true}]}}