{"id":2931,"date":"2022-03-09T16:08:04","date_gmt":"2022-03-09T16:08:04","guid":{"rendered":"https:\/\/www.dasty.com\/prodotto\/dasty-gel-wood-laminate-care\/"},"modified":"2024-10-05T08:49:16","modified_gmt":"2024-10-05T08:49:16","slug":"dasty-gel-wood-laminate-care-2","status":"publish","type":"product","link":"https:\/\/dasty.com\/fr\/prodotto\/dasty-gel-wood-laminate-care-2\/","title":{"rendered":"Dasty Wood &#038; Laminate Care"},"content":{"rendered":"","protected":false},"excerpt":{"rendered":"<h4>Qu&rsquo;est-ce que<\/h4>\n<p>DASTY WOOD &amp; LAMINATE CARE est un gel d\u00e9licat, enrichi d&rsquo;un parfum doux et agr\u00e9able, sp\u00e9cifique pour le nettoyage des sols en bois, aussi bien en massif qu&rsquo;en stratifi\u00e9. A utiliser dilu\u00e9, il assure un nettoyage en profondeur tout en gardant au bois son \u00e9clat d&rsquo;origine. Id\u00e9al \u00e9galement pour nettoyer les portes, les cadres, les volets, les escaliers et les plinthes en bois.<\/p>\n<h4>Comment utiliser<\/h4>\n<p>Diluez 3 bouchons dans 5 litres d&rsquo;eau. Appliquez sur la surface \u00e0 l&rsquo;aide d&rsquo;un chiffon. Il ne n\u00e9cessite pas de rin\u00e7age. Ne pas utiliser pur. [&#8230;]<\/p>\n<p><a class=\"btn btn-secondary understrap-read-more-link\" href=\"https:\/\/dasty.com\/fr\/prodotto\/dasty-gel-wood-laminate-care-2\/\">Lire la suite&#8230;<\/a><\/p>\n","protected":false},"featured_media":7002,"comment_status":"open","ping_status":"closed","template":"","meta":[],"product_cat":[456,460],"product_tag":[],"class_list":["post-2931","product","type-product","status-publish","has-post-thumbnail","hentry","product_cat-tous-les-produits","product_cat-entretien-interieur-de-la-maison"],"_links":{"self":[{"href":"https:\/\/dasty.com\/fr\/wp-json\/wp\/v2\/product\/2931","targetHints":{"allow":["GET"]}}],"collection":[{"href":"https:\/\/dasty.com\/fr\/wp-json\/wp\/v2\/product"}],"about":[{"href":"https:\/\/dasty.com\/fr\/wp-json\/wp\/v2\/types\/product"}],"replies":[{"embeddable":true,"href":"https:\/\/dasty.com\/fr\/wp-json\/wp\/v2\/comments?post=2931"}],"wp:featuredmedia":[{"embeddable":true,"href":"https:\/\/dasty.com\/fr\/wp-json\/wp\/v2\/media\/7002"}],"wp:attachment":[{"href":"https:\/\/dasty.com\/fr\/wp-json\/wp\/v2\/media?parent=2931"}],"wp:term":[{"taxonomy":"product_cat","embeddable":true,"href":"https:\/\/dasty.com\/fr\/wp-json\/wp\/v2\/product_cat?post=2931"},{"taxonomy":"product_tag","embeddable":true,"href":"https:\/\/dasty.com\/fr\/wp-json\/wp\/v2\/product_tag?post=2931"}],"curies":[{"name":"wp","href":"https:\/\/api.w.org\/{rel}","templated":true}]}}