{"id":2912,"date":"2022-03-09T16:30:05","date_gmt":"2022-03-09T16:30:05","guid":{"rendered":"https:\/\/www.dasty.com\/prodotto\/dasty-gel-toilet-care-floral\/"},"modified":"2024-10-24T15:51:47","modified_gmt":"2024-10-24T15:51:47","slug":"dasty-gel-toilet-care-floral-2","status":"publish","type":"product","link":"https:\/\/dasty.com\/fr\/prodotto\/dasty-gel-toilet-care-floral-2\/","title":{"rendered":"Dasty Gel Toilet Care"},"content":{"rendered":"","protected":false},"excerpt":{"rendered":"<h4>Qu&rsquo;est-ce que<\/h4>\n<p>DASTY GEL TOILET CARE lib\u00e8re un parfum intense et durable dans tout l&rsquo;environnement tout en nettoyant en profondeur les toilettes. Utilis\u00e9 quotidiennement, il enl\u00e8ve le calcaire qui se d\u00e9pose \u00e0 chaque rin\u00e7age et assainit les toilettes juste en dessous du bord. Disponible en 2 parfums intenses.<\/p>\n<h4>Comment utiliser<\/h4>\n<p>Appuyez sur les c\u00f4t\u00e9s du bouchon aux points indiqu\u00e9s et d\u00e9vissez. Versez g\u00e9n\u00e9reusement Dasty Gel Toilet Care sous le rebord et sur les parois des toilettes. Pour un nettoyage optimal et un parfum agr\u00e9able dans toute la salle de bain, ne rincez pas le produit. [&#8230;]<\/p>\n<p><a class=\"btn btn-secondary understrap-read-more-link\" href=\"https:\/\/dasty.com\/fr\/prodotto\/dasty-gel-toilet-care-floral-2\/\">Lire la suite&#8230;<\/a><\/p>\n","protected":false},"featured_media":9576,"comment_status":"open","ping_status":"closed","template":"","meta":[],"product_cat":[456,460],"product_tag":[],"class_list":["post-2912","product","type-product","status-publish","has-post-thumbnail","hentry","product_cat-tous-les-produits","product_cat-entretien-interieur-de-la-maison"],"_links":{"self":[{"href":"https:\/\/dasty.com\/fr\/wp-json\/wp\/v2\/product\/2912","targetHints":{"allow":["GET"]}}],"collection":[{"href":"https:\/\/dasty.com\/fr\/wp-json\/wp\/v2\/product"}],"about":[{"href":"https:\/\/dasty.com\/fr\/wp-json\/wp\/v2\/types\/product"}],"replies":[{"embeddable":true,"href":"https:\/\/dasty.com\/fr\/wp-json\/wp\/v2\/comments?post=2912"}],"wp:featuredmedia":[{"embeddable":true,"href":"https:\/\/dasty.com\/fr\/wp-json\/wp\/v2\/media\/9576"}],"wp:attachment":[{"href":"https:\/\/dasty.com\/fr\/wp-json\/wp\/v2\/media?parent=2912"}],"wp:term":[{"taxonomy":"product_cat","embeddable":true,"href":"https:\/\/dasty.com\/fr\/wp-json\/wp\/v2\/product_cat?post=2912"},{"taxonomy":"product_tag","embeddable":true,"href":"https:\/\/dasty.com\/fr\/wp-json\/wp\/v2\/product_tag?post=2912"}],"curies":[{"name":"wp","href":"https:\/\/api.w.org\/{rel}","templated":true}]}}