{"id":2741,"date":"2022-03-28T12:15:55","date_gmt":"2022-03-28T12:15:55","guid":{"rendered":"https:\/\/www.dasty.com\/prodotto\/dasty-spot-remover-bio-stains\/"},"modified":"2024-10-05T08:39:25","modified_gmt":"2024-10-05T08:39:25","slug":"dasty-spot-remover-bio-stains-2","status":"publish","type":"product","link":"https:\/\/dasty.com\/fr\/prodotto\/dasty-spot-remover-bio-stains-2\/","title":{"rendered":"Dasty Stain Remover | With Enzyme"},"content":{"rendered":"","protected":false},"excerpt":{"rendered":"<h4>Qu&rsquo;est-ce que<\/h4>\n<p>DASTY D\u00c9TACHANT AVEC ENZYMES \u00e9limine efficacement, avant le lavage, toutes les taches enzymatiques car il les p\u00e9n\u00e8tre et les brise en les d\u00e9tachant du tissu. Il est id\u00e9al pour \u00e9liminer les taches de sang, d&rsquo;\u0153uf, de lait, de chocolat, d&rsquo;herbe\u00a0; respecte les tissus car il permet un lavage \u00e0 basse temp\u00e9rature.<\/p>\n<h4>Comment utiliser<\/h4>\n<p>Avant le lavage, vaporisez le produit directement sur les taches. Laissez agir une minute (sans laisser s\u00e9cher), ne rincez pas et lavez avec la lessive habituelle en machine \u00e0 laver \u00e0 temp\u00e9rature moyenne-\u00e9lev\u00e9e ou \u00e0 la main dans de l&rsquo;eau chaude. Pour les taches particuli\u00e8rement tenaces, frottez le tissu. [&#8230;]<\/p>\n<p><a class=\"btn btn-secondary understrap-read-more-link\" href=\"https:\/\/dasty.com\/fr\/prodotto\/dasty-spot-remover-bio-stains-2\/\">Lire la suite&#8230;<\/a><\/p>\n","protected":false},"featured_media":6945,"comment_status":"open","ping_status":"closed","template":"","meta":[],"product_cat":[472,456],"product_tag":[],"class_list":["post-2741","product","type-product","status-publish","has-post-thumbnail","hentry","product_cat-entretien-du-linge","product_cat-tous-les-produits"],"_links":{"self":[{"href":"https:\/\/dasty.com\/fr\/wp-json\/wp\/v2\/product\/2741","targetHints":{"allow":["GET"]}}],"collection":[{"href":"https:\/\/dasty.com\/fr\/wp-json\/wp\/v2\/product"}],"about":[{"href":"https:\/\/dasty.com\/fr\/wp-json\/wp\/v2\/types\/product"}],"replies":[{"embeddable":true,"href":"https:\/\/dasty.com\/fr\/wp-json\/wp\/v2\/comments?post=2741"}],"wp:featuredmedia":[{"embeddable":true,"href":"https:\/\/dasty.com\/fr\/wp-json\/wp\/v2\/media\/6945"}],"wp:attachment":[{"href":"https:\/\/dasty.com\/fr\/wp-json\/wp\/v2\/media?parent=2741"}],"wp:term":[{"taxonomy":"product_cat","embeddable":true,"href":"https:\/\/dasty.com\/fr\/wp-json\/wp\/v2\/product_cat?post=2741"},{"taxonomy":"product_tag","embeddable":true,"href":"https:\/\/dasty.com\/fr\/wp-json\/wp\/v2\/product_tag?post=2741"}],"curies":[{"name":"wp","href":"https:\/\/api.w.org\/{rel}","templated":true}]}}