{"id":2729,"date":"2022-03-28T12:20:41","date_gmt":"2022-03-28T12:20:41","guid":{"rendered":"https:\/\/www.dasty.com\/prodotto\/dasty-spot-remover-stainodors\/"},"modified":"2024-10-05T09:55:44","modified_gmt":"2024-10-05T09:55:44","slug":"dasty-spot-remover-stainodors","status":"publish","type":"product","link":"https:\/\/dasty.com\/fr\/prodotto\/dasty-spot-remover-stainodors\/","title":{"rendered":"Dasty Stain Remover | Active Oxygen"},"content":{"rendered":"","protected":false},"excerpt":{"rendered":"<h4>Qu&rsquo;est-ce que<\/h4>\n<p>DASTY D\u00c9TACHANT ACTIVE OXYGEN permet d&rsquo;\u00e9liminer, en plus des taches, les mauvaises odeurs caus\u00e9es par les bact\u00e9ries. Il ne contient pas de chlore et garantit donc un nettoyage en toute s\u00e9curit\u00e9 respectant toutes les couleurs et tous les tissus. Il est id\u00e9al pour \u00e9liminer les taches de sueur et\/ou de d\u00e9odorant, le vin, le caf\u00e9, le th\u00e9, les fruits, la rouille, les sauces, le sang, l&rsquo;urine et les selles. Dasty D\u00e9tachant Active Oxygen un v\u00e9ritable Cosm\u00e9tique pour votre Lessive.<\/p>\n<h4>Comment utiliser<\/h4>\n<p>Avant le lavage, vaporisez le produit directement sur les taches. Laissez agir une minute (sans laisser s\u00e9cher), ne pas rincer et lavez avec la lessive habituelle en machine \u00e0 laver \u00e0 temp\u00e9rature moyenne-\u00e9lev\u00e9e ou \u00e0 la main dans de l&rsquo;eau chaude. Pour les taches particuli\u00e8rement tenaces, frottez le tissu.<\/p>\n<p><a href=\"https:\/\/www.youtube.com\/playlist?list=PLxcBoUFslG-3xOmzPVhS22Mdhjp76NUDn\"><strong>VISIONNER LES TUTORIELS<\/strong><\/a> [&#8230;]<\/p>\n<p><a class=\"btn btn-secondary understrap-read-more-link\" href=\"https:\/\/dasty.com\/fr\/prodotto\/dasty-spot-remover-stainodors\/\">Lire la suite&#8230;<\/a><\/p>\n","protected":false},"featured_media":6902,"comment_status":"open","ping_status":"closed","template":"","meta":[],"product_cat":[456,472],"product_tag":[],"class_list":["post-2729","product","type-product","status-publish","has-post-thumbnail","hentry","product_cat-tous-les-produits","product_cat-entretien-du-linge"],"_links":{"self":[{"href":"https:\/\/dasty.com\/fr\/wp-json\/wp\/v2\/product\/2729","targetHints":{"allow":["GET"]}}],"collection":[{"href":"https:\/\/dasty.com\/fr\/wp-json\/wp\/v2\/product"}],"about":[{"href":"https:\/\/dasty.com\/fr\/wp-json\/wp\/v2\/types\/product"}],"replies":[{"embeddable":true,"href":"https:\/\/dasty.com\/fr\/wp-json\/wp\/v2\/comments?post=2729"}],"wp:featuredmedia":[{"embeddable":true,"href":"https:\/\/dasty.com\/fr\/wp-json\/wp\/v2\/media\/6902"}],"wp:attachment":[{"href":"https:\/\/dasty.com\/fr\/wp-json\/wp\/v2\/media?parent=2729"}],"wp:term":[{"taxonomy":"product_cat","embeddable":true,"href":"https:\/\/dasty.com\/fr\/wp-json\/wp\/v2\/product_cat?post=2729"},{"taxonomy":"product_tag","embeddable":true,"href":"https:\/\/dasty.com\/fr\/wp-json\/wp\/v2\/product_tag?post=2729"}],"curies":[{"name":"wp","href":"https:\/\/api.w.org\/{rel}","templated":true}]}}