{"id":9540,"date":"2024-10-02T15:40:08","date_gmt":"2024-10-02T15:40:08","guid":{"rendered":"https:\/\/www.dasty.com\/?page_id=9540"},"modified":"2024-10-30T12:14:20","modified_gmt":"2024-10-30T12:14:20","slug":"les-conditions-de-promotion-dasty","status":"publish","type":"page","link":"https:\/\/dasty.com\/fr\/les-conditions-de-promotion-dasty\/","title":{"rendered":"Les conditions de promotion Dasty"},"content":{"rendered":"\n<p><\/p>\n\n\n\n<p><strong>Conditions g\u00e9n\u00e9rales<\/strong><\/p>\n\n\n\n<ul class=\"wp-block-list\">\n<li>Les pr\u00e9sentes conditions promotionnelles (ci-apr\u00e8s les \u00ab conditions promotionnelles \u00bb) s&rsquo;appliquent aux concours propos\u00e9s par Dasty Italy spa, \u00e9tablie et bas\u00e9e \u00e0 Bagnatica (IT).<\/li>\n\n\n\n<li>En participant \u00e0 cette promotion, vous d\u00e9clarez accepter les termes et conditions de la promotion ci-dessous.<\/li>\n\n\n\n<li>Aucune taxe sur les jeux n&rsquo;est applicable \u00e0 cette promotion.<\/li>\n\n\n\n<li>Cette promotion a \u00e9t\u00e9 \u00e9labor\u00e9e conform\u00e9ment au Code de conduite sur les jeux de hasard promotionnels 2016.<\/li>\n<\/ul>\n\n\n\n<p><strong>Participation<\/strong><\/p>\n\n\n\n<ul class=\"wp-block-list\">\n<li>Vous pouvez participer en suivant les pages Facebook de Dasty (Dasty Nederland, Dasty Belgi\u00eb et Dasty Belgique), en aimant le contenu du concours, en laissant un commentaire et en taguant deux personnes.<\/li>\n\n\n\n<li>Les r\u00e9ponses peuvent \u00eatre soumises jusqu&rsquo;au 11 novembre 2024, date \u00e0 laquelle les gagnants seront annonc\u00e9s.<\/li>\n\n\n\n<li>La participation est possible en effectuant l&rsquo;action demand\u00e9e sous le message.<\/li>\n\n\n\n<li>Les participants \u00e2g\u00e9s de moins de 16 ans d\u00e9clarent avoir obtenu l&rsquo;autorisation de leurs parents pour participer aux actions gagnantes.<\/li>\n\n\n\n<li>La participation est gratuite.<\/li>\n<\/ul>\n\n\n\n<p><strong>Les gagnants des prix<\/strong><\/p>\n\n\n\n<ul class=\"wp-block-list\">\n<li>Dix gagnants sur la page Facebook de Dasty Nederland, dix gagnants sur la page Facebook de Dasty Belgium et dix gagnants sur la page Facebook de Dasty Belgique.<\/li>\n\n\n\n<li>Le gagnant sera contact\u00e9 pour lui demander dans quel magasin il souhaite retirer son prix.<\/li>\n\n\n\n<li>Le gagnant sera choisi par un jury impartial de Dasty.<\/li>\n\n\n\n<li>Quelques gagnants seront s\u00e9lectionn\u00e9s pour recevoir le cadeau personnellement par un employ\u00e9 de Dasty dans le magasin choisi. La photo peut \u00eatre publi\u00e9e avec une autorisation ant\u00e9rieure.<\/li>\n\n\n\n<li>Aucune correspondance ne sera \u00e9chang\u00e9e au sujet des r\u00e9sultats.<\/li>\n\n\n\n<li>Les prix ne peuvent \u00eatre \u00e9chang\u00e9s contre de l&rsquo;argent ou d&rsquo;autres prix.<\/li>\n<\/ul>\n\n\n\n<p><strong>Utilisation des informations<\/strong><\/p>\n\n\n\n<ul class=\"wp-block-list\">\n<li>En participant au concours, le participant consent au traitement de ses informations personnelles. Vos informations personnelles ne seront trait\u00e9es que dans le cadre de cette promotion et ne seront pas utilis\u00e9es \u00e0 des fins promotionnelles. Vos informations ne seront pas conserv\u00e9es plus de deux mois apr\u00e8s la fin de l&rsquo;action.<\/li>\n\n\n\n<li>En participant, le candidat autorise qu&rsquo;en cas de victoire, son pr\u00e9nom et son nom soient mentionn\u00e9s sur le site web et les canaux de m\u00e9dias sociaux de Dasty.<\/li>\n\n\n\n<li>Dasty traitera toutes les donn\u00e9es personnelles obtenues dans le contexte de cette promotion de mani\u00e8re confidentielle et conform\u00e9ment aux exigences du r\u00e8glement g\u00e9n\u00e9ral sur la protection des informations.<\/li>\n\n\n\n<li>Dasty et\/ou tout auxiliaire ou tiers engag\u00e9 par elle ne peut \u00eatre tenu responsable de quelque dommage que ce soit, direct et\/ou indirect, li\u00e9 de quelque mani\u00e8re que ce soit \u00e0 cette promotion.<\/li>\n\n\n\n<li>Voir aussi notre <a href=\"https:\/\/www.dasty.com\/privacy-policy\/\" data-type=\"link\" data-id=\"https:\/\/www.dasty.com\/privacy-policy\/\">d\u00e9claration de confidentialit\u00e9<\/a> pour plus d&rsquo;informations.<\/li>\n<\/ul>\n\n\n\n<p><strong>Autres<\/strong><\/p>\n\n\n\n<ul class=\"wp-block-list\">\n<li>Dasty est en droit, sans donner de raisons, d&rsquo;arr\u00eater ou de modifier la promotion si les circonstances l&rsquo;exigent, sans \u00eatre tenu de verser une quelconque compensation aux participants.<\/li>\n\n\n\n<li>Dasty se r\u00e9serve le droit de disqualifier tout participant et\/ou de l&rsquo;exclure de la participation si le participant en question enfreint les pr\u00e9sentes conditions g\u00e9n\u00e9rales du concours de quelque mani\u00e8re que ce soit (ou si Dasty soup\u00e7onne que c&rsquo;est le cas), ou s&rsquo;il fournit des informations incompl\u00e8tes, incorrectes ou trompeuses, ou s&rsquo;il soumet des informations contraires \u00e0 la loi ou s&rsquo;il agit de toute autre mani\u00e8re de mani\u00e8re ill\u00e9gale \u00e0 l&rsquo;\u00e9gard de Dasty ou de tierces parties.<\/li>\n\n\n\n<li>Les r\u00e9clamations concernant les concours peuvent \u00eatre soumises par \u00e9crit \u00e0 l&rsquo;adresse suivante :<\/li>\n<\/ul>\n\n\n\n<p>Dasty Italy spa<\/p>\n\n\n\n<p><a href=\"mailto:info@dastyitaly.it\">info@dastyitaly.it<\/a><\/p>\n","protected":false},"excerpt":{"rendered":"<p>Conditions g\u00e9n\u00e9rales Participation Les gagnants des prix Utilisation des informations Autres Dasty Italy spa info@dastyitaly.it [&#8230;]<\/p>\n<p><a class=\"btn btn-secondary understrap-read-more-link\" href=\"https:\/\/dasty.com\/fr\/les-conditions-de-promotion-dasty\/\">Lire la suite&#8230;<\/a><\/p>\n","protected":false},"author":3,"featured_media":0,"parent":0,"menu_order":0,"comment_status":"closed","ping_status":"closed","template":"","meta":{"footnotes":""},"class_list":["post-9540","page","type-page","status-publish","hentry"],"_links":{"self":[{"href":"https:\/\/dasty.com\/fr\/wp-json\/wp\/v2\/pages\/9540","targetHints":{"allow":["GET"]}}],"collection":[{"href":"https:\/\/dasty.com\/fr\/wp-json\/wp\/v2\/pages"}],"about":[{"href":"https:\/\/dasty.com\/fr\/wp-json\/wp\/v2\/types\/page"}],"author":[{"embeddable":true,"href":"https:\/\/dasty.com\/fr\/wp-json\/wp\/v2\/users\/3"}],"replies":[{"embeddable":true,"href":"https:\/\/dasty.com\/fr\/wp-json\/wp\/v2\/comments?post=9540"}],"version-history":[{"count":2,"href":"https:\/\/dasty.com\/fr\/wp-json\/wp\/v2\/pages\/9540\/revisions"}],"predecessor-version":[{"id":9625,"href":"https:\/\/dasty.com\/fr\/wp-json\/wp\/v2\/pages\/9540\/revisions\/9625"}],"wp:attachment":[{"href":"https:\/\/dasty.com\/fr\/wp-json\/wp\/v2\/media?parent=9540"}],"curies":[{"name":"wp","href":"https:\/\/api.w.org\/{rel}","templated":true}]}}