{"id":9809,"date":"2025-01-24T14:55:08","date_gmt":"2025-01-24T14:55:08","guid":{"rendered":"https:\/\/www.dasty.com\/?post_type=product&#038;p=9809"},"modified":"2025-05-23T07:52:15","modified_gmt":"2025-05-23T07:52:15","slug":"cleaning-kit","status":"publish","type":"product","link":"https:\/\/dasty.com\/fr-be\/prodotto\/cleaning-kit\/","title":{"rendered":"Dasty Multisurface &#038; Glass Cleaning Kit"},"content":{"rendered":"","protected":false},"excerpt":{"rendered":"<h4>Qu&rsquo;est-ce que<\/h4>\n<p>1 poign\u00e9e sur mesure &amp; 1 tampon de nettoyage en microfibre r\u00e9utilisable.<\/p>\n<h4>Ce qu&rsquo;il contient<\/h4>\n<p>Fixez le tampon en microfibre sur la poign\u00e9e \u00e0 l&rsquo;aide de la Velcro. Vaporisez Dasty Multisurface Care sur la surface \u00e0 nettoyer et utilisez le tampon pour nettoyer et polir la surface par des mouvements de balayage.<br \/>\nPrendre soin de toutes les surfaces de votre maison n&rsquo;a jamais \u00e9t\u00e9 aussi facile !<\/p>\n<p><a href=\"https:\/\/www.instagram.com\/reel\/DFcMjvcJd9X\/?utm_source=ig_web_copy_link\"><strong>VISIONNER LES TUTORIELS<\/strong><\/a> [&#8230;]<\/p>\n<p><a class=\"btn btn-secondary understrap-read-more-link\" href=\"https:\/\/dasty.com\/fr-be\/prodotto\/cleaning-kit\/\">Read More&#8230;<\/a><\/p>\n","protected":false},"featured_media":10476,"comment_status":"open","ping_status":"closed","template":"","meta":[],"product_cat":[465,469,457,461],"product_tag":[],"class_list":["post-9809","product","type-product","status-publish","has-post-thumbnail","hentry","product_cat-entretien-exterieur-de-la-maison-fr-be","product_cat-temps-de-loisir-fr-be","product_cat-tous-les-produits-fr-be","product_cat-entretien-interieur-de-la-maison-fr-be"],"_links":{"self":[{"href":"https:\/\/dasty.com\/fr-be\/wp-json\/wp\/v2\/product\/9809","targetHints":{"allow":["GET"]}}],"collection":[{"href":"https:\/\/dasty.com\/fr-be\/wp-json\/wp\/v2\/product"}],"about":[{"href":"https:\/\/dasty.com\/fr-be\/wp-json\/wp\/v2\/types\/product"}],"replies":[{"embeddable":true,"href":"https:\/\/dasty.com\/fr-be\/wp-json\/wp\/v2\/comments?post=9809"}],"wp:featuredmedia":[{"embeddable":true,"href":"https:\/\/dasty.com\/fr-be\/wp-json\/wp\/v2\/media\/10476"}],"wp:attachment":[{"href":"https:\/\/dasty.com\/fr-be\/wp-json\/wp\/v2\/media?parent=9809"}],"wp:term":[{"taxonomy":"product_cat","embeddable":true,"href":"https:\/\/dasty.com\/fr-be\/wp-json\/wp\/v2\/product_cat?post=9809"},{"taxonomy":"product_tag","embeddable":true,"href":"https:\/\/dasty.com\/fr-be\/wp-json\/wp\/v2\/product_tag?post=9809"}],"curies":[{"name":"wp","href":"https:\/\/api.w.org\/{rel}","templated":true}]}}