{"id":8272,"date":"2024-08-20T08:34:21","date_gmt":"2024-08-20T08:34:21","guid":{"rendered":"https:\/\/www.dasty.com\/?post_type=product&#038;p=8272"},"modified":"2025-03-11T08:55:38","modified_gmt":"2025-03-11T08:55:38","slug":"dasty-bathroom-antikalk-copy-copy-copy","status":"publish","type":"product","link":"https:\/\/dasty.com\/fr-be\/prodotto\/dasty-bathroom-antikalk-copy-copy-copy\/","title":{"rendered":"Dasty Aromadrops"},"content":{"rendered":"","protected":false},"excerpt":{"rendered":"<h4>Qu&rsquo;est-ce que<\/h4>\n<p>Dasty AromaDrops \u00e9limine les mauvaises odeurs et offre un environnement agr\u00e9able et durable. Juste quelques gouttes sur le pourtour de la surface que vous souhaitez d\u00e9sodoriser, ou sur un coton, et le parfum se r\u00e9pandra longtemps! Convient pour les salles de bains, toilettes, poubelles, cuisines, bureaux, halls, salles de r\u00e9union, int\u00e9rieurs de voitures, etc. Il peut \u00e9galement \u00eatre utilis\u00e9 \u00e0 la place des assainisseurs d&rsquo;air \u00e9lectriques ou pour ajouter le seau \u00e0 vadrouille. Disponible en trois variantes : Flower Vibes, Misty Forest et Royal Incense. [&#8230;]<\/p>\n<p><a class=\"btn btn-secondary understrap-read-more-link\" href=\"https:\/\/dasty.com\/fr-be\/prodotto\/dasty-bathroom-antikalk-copy-copy-copy\/\">Read More&#8230;<\/a><\/p>\n","protected":false},"featured_media":9957,"comment_status":"open","ping_status":"closed","template":"","meta":[],"product_cat":[465,473,457,461],"product_tag":[],"class_list":["post-8272","product","type-product","status-publish","has-post-thumbnail","hentry","product_cat-entretien-exterieur-de-la-maison-fr-be","product_cat-entretien-du-linge-fr-be","product_cat-tous-les-produits-fr-be","product_cat-entretien-interieur-de-la-maison-fr-be"],"_links":{"self":[{"href":"https:\/\/dasty.com\/fr-be\/wp-json\/wp\/v2\/product\/8272","targetHints":{"allow":["GET"]}}],"collection":[{"href":"https:\/\/dasty.com\/fr-be\/wp-json\/wp\/v2\/product"}],"about":[{"href":"https:\/\/dasty.com\/fr-be\/wp-json\/wp\/v2\/types\/product"}],"replies":[{"embeddable":true,"href":"https:\/\/dasty.com\/fr-be\/wp-json\/wp\/v2\/comments?post=8272"}],"wp:featuredmedia":[{"embeddable":true,"href":"https:\/\/dasty.com\/fr-be\/wp-json\/wp\/v2\/media\/9957"}],"wp:attachment":[{"href":"https:\/\/dasty.com\/fr-be\/wp-json\/wp\/v2\/media?parent=8272"}],"wp:term":[{"taxonomy":"product_cat","embeddable":true,"href":"https:\/\/dasty.com\/fr-be\/wp-json\/wp\/v2\/product_cat?post=8272"},{"taxonomy":"product_tag","embeddable":true,"href":"https:\/\/dasty.com\/fr-be\/wp-json\/wp\/v2\/product_tag?post=8272"}],"curies":[{"name":"wp","href":"https:\/\/api.w.org\/{rel}","templated":true}]}}