{"id":6920,"date":"2024-02-27T18:05:15","date_gmt":"2024-02-27T18:05:15","guid":{"rendered":"https:\/\/www.dasty.com\/?post_type=product&#038;p=6920"},"modified":"2024-05-07T10:12:16","modified_gmt":"2024-05-07T10:12:16","slug":"dasty-degraissant-universel-marseille","status":"publish","type":"product","link":"https:\/\/dasty.com\/fr-be\/prodotto\/dasty-degraissant-universel-marseille\/","title":{"rendered":"Dasty Classic D\u00e9graissant Marseille"},"content":{"rendered":"","protected":false},"excerpt":{"rendered":"<h4>Qu&rsquo;est-ce que<\/h4>\n<p>DASTY CLASSIC D\u00c9GRAISSANT MARSEILLE, c&rsquo;est la solution surpuissante pour l&rsquo;int\u00e9rieur et l&rsquo;ext\u00e9rieur de la maison au parfum du savon de Marseille, dans le garage et dans le jardin : fours, plaques de cuisson, hottes aspirantes, grils, trancheuses, sols, vaisselle (pr\u00e9-traitement), chaussures de sport, motos, v\u00e9los, poignets et cols (pr\u00e9-traitement) et bien d&rsquo;autres taches difficiles.<\/p>\n<h4>Comment utiliser<\/h4>\n<p>Pour les taches tenaces, laissez agir au maximum 3 minutes, puis rincez. Fours: temp\u00e9rature maximum de 40-50 \u00b0C. Filtres de hottes et pi\u00e8ces m\u00e9caniques: diluez \u00e0 50 % dans un bol, plongez les pi\u00e8ces \u00e0 nettoyer, laissez agir au maximum 10 min. Rincer. [&#8230;]<\/p>\n<p><a class=\"btn btn-secondary understrap-read-more-link\" href=\"https:\/\/dasty.com\/fr-be\/prodotto\/dasty-degraissant-universel-marseille\/\">Read More&#8230;<\/a><\/p>\n","protected":false},"featured_media":9055,"comment_status":"open","ping_status":"closed","template":"","meta":[],"product_cat":[457,461,465,473],"product_tag":[],"class_list":["post-6920","product","type-product","status-publish","has-post-thumbnail","hentry","product_cat-tous-les-produits-fr-be","product_cat-entretien-interieur-de-la-maison-fr-be","product_cat-entretien-exterieur-de-la-maison-fr-be","product_cat-entretien-du-linge-fr-be"],"_links":{"self":[{"href":"https:\/\/dasty.com\/fr-be\/wp-json\/wp\/v2\/product\/6920","targetHints":{"allow":["GET"]}}],"collection":[{"href":"https:\/\/dasty.com\/fr-be\/wp-json\/wp\/v2\/product"}],"about":[{"href":"https:\/\/dasty.com\/fr-be\/wp-json\/wp\/v2\/types\/product"}],"replies":[{"embeddable":true,"href":"https:\/\/dasty.com\/fr-be\/wp-json\/wp\/v2\/comments?post=6920"}],"wp:featuredmedia":[{"embeddable":true,"href":"https:\/\/dasty.com\/fr-be\/wp-json\/wp\/v2\/media\/9055"}],"wp:attachment":[{"href":"https:\/\/dasty.com\/fr-be\/wp-json\/wp\/v2\/media?parent=6920"}],"wp:term":[{"taxonomy":"product_cat","embeddable":true,"href":"https:\/\/dasty.com\/fr-be\/wp-json\/wp\/v2\/product_cat?post=6920"},{"taxonomy":"product_tag","embeddable":true,"href":"https:\/\/dasty.com\/fr-be\/wp-json\/wp\/v2\/product_tag?post=6920"}],"curies":[{"name":"wp","href":"https:\/\/api.w.org\/{rel}","templated":true}]}}