{"id":5831,"date":"2023-04-03T12:22:46","date_gmt":"2023-04-03T12:22:46","guid":{"rendered":"https:\/\/www.dasty.com\/?post_type=product&#038;p=5831"},"modified":"2024-10-05T09:13:47","modified_gmt":"2024-10-05T09:13:47","slug":"dasty-drain-cleaner-copy","status":"publish","type":"product","link":"https:\/\/dasty.com\/fr-be\/prodotto\/dasty-drain-cleaner-copy\/","title":{"rendered":"Dasty Super Polisher &#038; Renewer"},"content":{"rendered":"","protected":false},"excerpt":{"rendered":"<h4>Qu&rsquo;est-ce que<\/h4>\n<p>DASTY SUPER POLISHER est le v\u00e9ritable soin de beaut\u00e9 pour toutes les surfaces \u00e0 la maison et ailleurs. Il redonne une brillance exceptionnelle qui se conserve dans le temps, gr\u00e2ce \u00e0 un rev\u00eatement protecteur sp\u00e9cifique.Id\u00e9al pour le bois, le plastique, le cuir et les stratifi\u00e9s, il d\u00e9gage un parfum agr\u00e9able et intense.<\/p>\n<h4>Comment utiliser<\/h4>\n<p>Vaporiser le produit sur la surface \u00e0 traiter et essuyer avec un chiffon doux. R\u00e9p\u00e9tez le traitement p\u00e9riodiquement pour maintenir la brillance du r\u00e9sultat dans le temps.<\/p>\n<p><a href=\"https:\/\/www.youtube.com\/playlist?list=PLxcBoUFslG-1G76QGeED_vSs8i5HwLq5x\"><strong>VISIONNER LES TUTORIELS<\/strong><\/a> [&#8230;]<\/p>\n<p><a class=\"btn btn-secondary understrap-read-more-link\" href=\"https:\/\/dasty.com\/fr-be\/prodotto\/dasty-drain-cleaner-copy\/\">Read More&#8230;<\/a><\/p>\n","protected":false},"featured_media":6879,"comment_status":"open","ping_status":"closed","template":"","meta":[],"product_cat":[457,461,465,469],"product_tag":[],"class_list":["post-5831","product","type-product","status-publish","has-post-thumbnail","hentry","product_cat-tous-les-produits-fr-be","product_cat-entretien-interieur-de-la-maison-fr-be","product_cat-entretien-exterieur-de-la-maison-fr-be","product_cat-temps-de-loisir-fr-be"],"_links":{"self":[{"href":"https:\/\/dasty.com\/fr-be\/wp-json\/wp\/v2\/product\/5831","targetHints":{"allow":["GET"]}}],"collection":[{"href":"https:\/\/dasty.com\/fr-be\/wp-json\/wp\/v2\/product"}],"about":[{"href":"https:\/\/dasty.com\/fr-be\/wp-json\/wp\/v2\/types\/product"}],"replies":[{"embeddable":true,"href":"https:\/\/dasty.com\/fr-be\/wp-json\/wp\/v2\/comments?post=5831"}],"wp:featuredmedia":[{"embeddable":true,"href":"https:\/\/dasty.com\/fr-be\/wp-json\/wp\/v2\/media\/6879"}],"wp:attachment":[{"href":"https:\/\/dasty.com\/fr-be\/wp-json\/wp\/v2\/media?parent=5831"}],"wp:term":[{"taxonomy":"product_cat","embeddable":true,"href":"https:\/\/dasty.com\/fr-be\/wp-json\/wp\/v2\/product_cat?post=5831"},{"taxonomy":"product_tag","embeddable":true,"href":"https:\/\/dasty.com\/fr-be\/wp-json\/wp\/v2\/product_tag?post=5831"}],"curies":[{"name":"wp","href":"https:\/\/api.w.org\/{rel}","templated":true}]}}