{"id":3400,"date":"2022-01-17T13:47:09","date_gmt":"2022-01-17T13:47:09","guid":{"rendered":"https:\/\/www.dasty.com\/?post_type=product&#038;p=3400"},"modified":"2024-05-07T11:04:59","modified_gmt":"2024-05-07T11:04:59","slug":"stainless-steel-induction-hobs","status":"publish","type":"product","link":"https:\/\/dasty.com\/fr-be\/prodotto\/stainless-steel-induction-hobs\/","title":{"rendered":"Stainless Steel | &#038; Induction Hobs"},"content":{"rendered":"","protected":false},"excerpt":{"rendered":"<h4>Qu\u2019est-ce que<\/h4>\n<p>DASTY STAINLESS STEEL &amp; INDUCTION HOBS est le produit r\u00e9volutionnaire et innovant, con\u00e7u pour r\u00e9duire les temps de nettoyage et obtenir le meilleur r\u00e9sultat, qui prend soin de toutes les surfaces en acier inoxydable (hottes, r\u00e9frig\u00e9rateurs, \u00e9viers, rev\u00eatements, plans de travail, robinets, ascenseurs) afin de restaurer leur lustre d&rsquo;origine. Il est id\u00e9al pour nettoyer les plaques \u00e0 induction. Utilis\u00e9 correctement, AUCUN RIN\u00c7AGE N\u00c9CESSAIRE.<\/p>\n<h4>Comment utiliser<\/h4>\n<p>Vaporisez directement sur la surface, essuyez avec un chiffon sec, doux et propre (ou essuie-tout) jusqu&rsquo;\u00e0 s\u00e9chage complet. NE PAS rincer \u00e0 l&rsquo;eau ou avec un chiffon humide. La pr\u00e9sence \u00e9ventuelle de halos r\u00e9siduels indique que la surface n&rsquo;est pas encore parfaitement propre, donc r\u00e9p\u00e9tez le traitement. [&#8230;]<\/p>\n<p><a class=\"btn btn-secondary understrap-read-more-link\" href=\"https:\/\/dasty.com\/fr-be\/prodotto\/stainless-steel-induction-hobs\/\">Read More&#8230;<\/a><\/p>\n","protected":false},"featured_media":7075,"comment_status":"open","ping_status":"closed","template":"","meta":[],"product_cat":[457,461,465,469],"product_tag":[],"class_list":["post-3400","product","type-product","status-publish","has-post-thumbnail","hentry","product_cat-tous-les-produits-fr-be","product_cat-entretien-interieur-de-la-maison-fr-be","product_cat-entretien-exterieur-de-la-maison-fr-be","product_cat-temps-de-loisir-fr-be"],"_links":{"self":[{"href":"https:\/\/dasty.com\/fr-be\/wp-json\/wp\/v2\/product\/3400","targetHints":{"allow":["GET"]}}],"collection":[{"href":"https:\/\/dasty.com\/fr-be\/wp-json\/wp\/v2\/product"}],"about":[{"href":"https:\/\/dasty.com\/fr-be\/wp-json\/wp\/v2\/types\/product"}],"replies":[{"embeddable":true,"href":"https:\/\/dasty.com\/fr-be\/wp-json\/wp\/v2\/comments?post=3400"}],"wp:featuredmedia":[{"embeddable":true,"href":"https:\/\/dasty.com\/fr-be\/wp-json\/wp\/v2\/media\/7075"}],"wp:attachment":[{"href":"https:\/\/dasty.com\/fr-be\/wp-json\/wp\/v2\/media?parent=3400"}],"wp:term":[{"taxonomy":"product_cat","embeddable":true,"href":"https:\/\/dasty.com\/fr-be\/wp-json\/wp\/v2\/product_cat?post=3400"},{"taxonomy":"product_tag","embeddable":true,"href":"https:\/\/dasty.com\/fr-be\/wp-json\/wp\/v2\/product_tag?post=3400"}],"curies":[{"name":"wp","href":"https:\/\/api.w.org\/{rel}","templated":true}]}}