{"id":3323,"date":"2021-12-09T10:53:53","date_gmt":"2021-12-09T10:53:53","guid":{"rendered":"https:\/\/www.dasty.com\/prodotto\/dasty-super-antikalk\/"},"modified":"2024-10-05T09:30:55","modified_gmt":"2024-10-05T09:30:55","slug":"dasty-super-antikalk-2","status":"publish","type":"product","link":"https:\/\/dasty.com\/fr-be\/prodotto\/dasty-super-antikalk-2\/","title":{"rendered":"Dasty Bathroom Antikalk"},"content":{"rendered":"","protected":false},"excerpt":{"rendered":"<h4>Qu&rsquo;est-ce que<\/h4>\n<p>DASTY BATHROOM ANTIKALK \u00e9limine le calcaire de tous les appareils sanitaires et de l&rsquo;\u00e9vier de la cuisine. Efficace et d\u00e9licat, il n&rsquo;ab\u00eeme pas le chrome et agit \u00e9galement sur la rouille. Son parfum intense laisse une fantastique sensation de propret\u00e9 qui dure dans le temps. Utilis\u00e9 tous les jours m\u00eame \u00e0 l&rsquo;int\u00e9rieur de la cabine de douche, il \u00e9vite le d\u00e9p\u00f4t de calcaire, ce qui permet de maintenir les surfaces brillantes.<\/p>\n<h4>Comment utiliser<\/h4>\n<p>Vaporisez, essuyez avec une \u00e9ponge et laissez agir quelques secondes. Rincez abondamment \u00e0 l&rsquo;eau.<\/p>\n<p><a href=\"https:\/\/www.youtube.com\/playlist?list=PLxcBoUFslG-2Msg2LTxIB8idcrOuWifdC\"><strong>VISIONNER LES TUTORIELS<\/strong><\/a> [&#8230;]<\/p>\n<p><a class=\"btn btn-secondary understrap-read-more-link\" href=\"https:\/\/dasty.com\/fr-be\/prodotto\/dasty-super-antikalk-2\/\">Read More&#8230;<\/a><\/p>\n","protected":false},"featured_media":7115,"comment_status":"open","ping_status":"closed","template":"","meta":[],"product_cat":[465,457,461],"product_tag":[],"class_list":["post-3323","product","type-product","status-publish","has-post-thumbnail","hentry","product_cat-entretien-exterieur-de-la-maison-fr-be","product_cat-tous-les-produits-fr-be","product_cat-entretien-interieur-de-la-maison-fr-be"],"_links":{"self":[{"href":"https:\/\/dasty.com\/fr-be\/wp-json\/wp\/v2\/product\/3323","targetHints":{"allow":["GET"]}}],"collection":[{"href":"https:\/\/dasty.com\/fr-be\/wp-json\/wp\/v2\/product"}],"about":[{"href":"https:\/\/dasty.com\/fr-be\/wp-json\/wp\/v2\/types\/product"}],"replies":[{"embeddable":true,"href":"https:\/\/dasty.com\/fr-be\/wp-json\/wp\/v2\/comments?post=3323"}],"wp:featuredmedia":[{"embeddable":true,"href":"https:\/\/dasty.com\/fr-be\/wp-json\/wp\/v2\/media\/7115"}],"wp:attachment":[{"href":"https:\/\/dasty.com\/fr-be\/wp-json\/wp\/v2\/media?parent=3323"}],"wp:term":[{"taxonomy":"product_cat","embeddable":true,"href":"https:\/\/dasty.com\/fr-be\/wp-json\/wp\/v2\/product_cat?post=3323"},{"taxonomy":"product_tag","embeddable":true,"href":"https:\/\/dasty.com\/fr-be\/wp-json\/wp\/v2\/product_tag?post=3323"}],"curies":[{"name":"wp","href":"https:\/\/api.w.org\/{rel}","templated":true}]}}