{"id":3308,"date":"2022-01-17T13:43:04","date_gmt":"2022-01-17T13:43:04","guid":{"rendered":"https:\/\/www.dasty.com\/prodotto\/dasty-bathroom-deo-care\/"},"modified":"2024-10-05T09:25:50","modified_gmt":"2024-10-05T09:25:50","slug":"dasty-bathroom-deo-care-2-2","status":"publish","type":"product","link":"https:\/\/dasty.com\/fr-be\/prodotto\/dasty-bathroom-deo-care-2-2\/","title":{"rendered":"Dasty Bathroom | Deo &#038; Clean"},"content":{"rendered":"","protected":false},"excerpt":{"rendered":"<h4>Qu&rsquo;est-ce que<\/h4>\n<p>DASTY BATHROOM DEO &amp; CLEAN est un nettoyant tr\u00e8s parfum\u00e9 qui prend soin de toutes les surfaces de la salle de bain. Gr\u00e2ce \u00e0 sa formule innovante non acide, il peut \u00eatre utilis\u00e9 en toute s\u00e9curit\u00e9 m\u00eame sur le marbre. \u00c9limine tous les r\u00e9sidus de salet\u00e9, ce qui offre une d\u00e9licate action assainissante. Id\u00e9al pour une utilisation quotidienne, il laisse une sensation fantastique de vraie propret\u00e9 qui dure longtemps.<\/p>\n<h4>Comment utiliser<\/h4>\n<p>Vaporisez directement sur la surface et essuyez avec un chiffon ou une \u00e9ponge humide. Pour les salissures particuli\u00e8rement tenaces et r\u00e9sistantes, laissez agir quelques minutes puis rincez. Pour d\u00e9sodoriser l&rsquo;environnement, vaporisez-le \u00e0 l&rsquo;int\u00e9rieur des toilettes.<\/p>\n<p><a href=\"https:\/\/www.youtube.com\/watch?v=TsHC2L7FZ4o&amp;list=PLxcBoUFslG-2X7bl7K3zLLGczNHV3qByZ\"><strong>VISIONNER LES TUTORIELS<\/strong><\/a> [&#8230;]<\/p>\n<p><a class=\"btn btn-secondary understrap-read-more-link\" href=\"https:\/\/dasty.com\/fr-be\/prodotto\/dasty-bathroom-deo-care-2-2\/\">Read More&#8230;<\/a><\/p>\n","protected":false},"featured_media":7083,"comment_status":"open","ping_status":"closed","template":"","meta":[],"product_cat":[457,461],"product_tag":[],"class_list":["post-3308","product","type-product","status-publish","has-post-thumbnail","hentry","product_cat-tous-les-produits-fr-be","product_cat-entretien-interieur-de-la-maison-fr-be"],"_links":{"self":[{"href":"https:\/\/dasty.com\/fr-be\/wp-json\/wp\/v2\/product\/3308","targetHints":{"allow":["GET"]}}],"collection":[{"href":"https:\/\/dasty.com\/fr-be\/wp-json\/wp\/v2\/product"}],"about":[{"href":"https:\/\/dasty.com\/fr-be\/wp-json\/wp\/v2\/types\/product"}],"replies":[{"embeddable":true,"href":"https:\/\/dasty.com\/fr-be\/wp-json\/wp\/v2\/comments?post=3308"}],"wp:featuredmedia":[{"embeddable":true,"href":"https:\/\/dasty.com\/fr-be\/wp-json\/wp\/v2\/media\/7083"}],"wp:attachment":[{"href":"https:\/\/dasty.com\/fr-be\/wp-json\/wp\/v2\/media?parent=3308"}],"wp:term":[{"taxonomy":"product_cat","embeddable":true,"href":"https:\/\/dasty.com\/fr-be\/wp-json\/wp\/v2\/product_cat?post=3308"},{"taxonomy":"product_tag","embeddable":true,"href":"https:\/\/dasty.com\/fr-be\/wp-json\/wp\/v2\/product_tag?post=3308"}],"curies":[{"name":"wp","href":"https:\/\/api.w.org\/{rel}","templated":true}]}}