{"id":3179,"date":"2022-03-09T09:28:17","date_gmt":"2022-03-09T09:28:17","guid":{"rendered":"https:\/\/www.dasty.com\/prodotto\/dasty-dishwashing-degreaser\/"},"modified":"2024-05-07T10:51:04","modified_gmt":"2024-05-07T10:51:04","slug":"dasty-dishwashing-degreaser-2","status":"publish","type":"product","link":"https:\/\/dasty.com\/fr-be\/prodotto\/dasty-dishwashing-degreaser-2\/","title":{"rendered":"Dasty Dishwashing Degreaser"},"content":{"rendered":"","protected":false},"excerpt":{"rendered":"<h4>Qu&rsquo;est-ce que<\/h4>\n<p>DASTY DISHWASHING DEGREASER est puissant contre tous les types de salet\u00e9 tout en \u00e9tant doux pour les mains. La formule ultra concentr\u00e9e, \u00e0 tr\u00e8s haut pouvoir d\u00e9graissant, d\u00e9veloppe une mousse lisse et persistante. Son action de rin\u00e7age efficace le rend \u00e9galement appropri\u00e9 au lavage de voiture.<\/p>\n<h4>Comment utiliser<\/h4>\n<p>Remplissez l&rsquo;\u00e9vier d&rsquo;eau bien chaude (45\u00b0C) et versez 3 ml de produit (1 petit cuill\u00e8re). Plongez les plats et laissez-les tremper quelques instants. [&#8230;]<\/p>\n<p><a class=\"btn btn-secondary understrap-read-more-link\" href=\"https:\/\/dasty.com\/fr-be\/prodotto\/dasty-dishwashing-degreaser-2\/\">Read More&#8230;<\/a><\/p>\n","protected":false},"featured_media":7027,"comment_status":"open","ping_status":"closed","template":"","meta":[],"product_cat":[457,461,469],"product_tag":[],"class_list":["post-3179","product","type-product","status-publish","has-post-thumbnail","hentry","product_cat-tous-les-produits-fr-be","product_cat-entretien-interieur-de-la-maison-fr-be","product_cat-temps-de-loisir-fr-be"],"_links":{"self":[{"href":"https:\/\/dasty.com\/fr-be\/wp-json\/wp\/v2\/product\/3179","targetHints":{"allow":["GET"]}}],"collection":[{"href":"https:\/\/dasty.com\/fr-be\/wp-json\/wp\/v2\/product"}],"about":[{"href":"https:\/\/dasty.com\/fr-be\/wp-json\/wp\/v2\/types\/product"}],"replies":[{"embeddable":true,"href":"https:\/\/dasty.com\/fr-be\/wp-json\/wp\/v2\/comments?post=3179"}],"wp:featuredmedia":[{"embeddable":true,"href":"https:\/\/dasty.com\/fr-be\/wp-json\/wp\/v2\/media\/7027"}],"wp:attachment":[{"href":"https:\/\/dasty.com\/fr-be\/wp-json\/wp\/v2\/media?parent=3179"}],"wp:term":[{"taxonomy":"product_cat","embeddable":true,"href":"https:\/\/dasty.com\/fr-be\/wp-json\/wp\/v2\/product_cat?post=3179"},{"taxonomy":"product_tag","embeddable":true,"href":"https:\/\/dasty.com\/fr-be\/wp-json\/wp\/v2\/product_tag?post=3179"}],"curies":[{"name":"wp","href":"https:\/\/api.w.org\/{rel}","templated":true}]}}