{"id":3164,"date":"2022-03-09T09:37:01","date_gmt":"2022-03-09T09:37:01","guid":{"rendered":"https:\/\/www.dasty.com\/prodotto\/dasty-super-cleaner-walls-tiles\/"},"modified":"2026-03-24T13:12:47","modified_gmt":"2026-03-24T13:12:47","slug":"dasty-super-cleaner-2","status":"publish","type":"product","link":"https:\/\/dasty.com\/fr-be\/prodotto\/dasty-super-cleaner-2\/","title":{"rendered":"Dasty Super Cleaner | Walls &#038; Tiles"},"content":{"rendered":"","protected":false},"excerpt":{"rendered":"<h4>Qu&rsquo;est-ce que<\/h4>\n<p>DASTY SUPER CLEANER \u00e9limine les taches caus\u00e9es par l&rsquo;humidit\u00e9 ou les agents atmosph\u00e9riques, ou pr\u00e9sentes dans les joints en silicone entre la baignoire et les murs ou dans la cabine de douche des murs, des plafonds et des joints entre les carreaux. Il peut \u00eatre appliqu\u00e9 sur tout type de mur, \u00e0 l&rsquo;int\u00e9rieur comme \u00e0 l&rsquo;ext\u00e9rieur. Gr\u00e2ce \u00e0 son effet nettoyant efficace, il est id\u00e9al pour les environnements tels que les cuisines, les salles de bains, les douches, les caves, les garages, les chaufferies, les buanderies, les murs ext\u00e9rieurs et les pots en terre cuite.<\/p>\n<h4>Comment utiliser<\/h4>\n<p>Vaporiser le produit sur la surface \u00e0 traiter \u00e0 une distance de 3 \u00e0 5\u00a0cm. Laisser agir 10 \u00e0 30 minutes selon le niveau de salet\u00e9\/tache \u00e0 \u00e9liminer, frotter avec une \u00e9ponge ou une brosse, puis nettoyer \u00e0 l&rsquo;eau. En cas de surfaces tr\u00e8s sales, r\u00e9p\u00e9ter le traitement apr\u00e8s 10 minutes.<\/p>\n<p><a href=\"https:\/\/www.youtube.com\/shorts\/1CXxAW4UzR0?feature=share\"><strong>VISIONNER LES TUTORIELS<\/strong><\/a> [&#8230;]<\/p>\n<p><a class=\"btn btn-secondary understrap-read-more-link\" href=\"https:\/\/dasty.com\/fr-be\/prodotto\/dasty-super-cleaner-2\/\">Read More&#8230;<\/a><\/p>\n","protected":false},"featured_media":24453,"comment_status":"open","ping_status":"closed","template":"","meta":[],"product_cat":[465,469,457,461],"product_tag":[],"class_list":["post-3164","product","type-product","status-publish","has-post-thumbnail","hentry","product_cat-entretien-exterieur-de-la-maison-fr-be","product_cat-temps-de-loisir-fr-be","product_cat-tous-les-produits-fr-be","product_cat-entretien-interieur-de-la-maison-fr-be"],"_links":{"self":[{"href":"https:\/\/dasty.com\/fr-be\/wp-json\/wp\/v2\/product\/3164","targetHints":{"allow":["GET"]}}],"collection":[{"href":"https:\/\/dasty.com\/fr-be\/wp-json\/wp\/v2\/product"}],"about":[{"href":"https:\/\/dasty.com\/fr-be\/wp-json\/wp\/v2\/types\/product"}],"replies":[{"embeddable":true,"href":"https:\/\/dasty.com\/fr-be\/wp-json\/wp\/v2\/comments?post=3164"}],"wp:featuredmedia":[{"embeddable":true,"href":"https:\/\/dasty.com\/fr-be\/wp-json\/wp\/v2\/media\/24453"}],"wp:attachment":[{"href":"https:\/\/dasty.com\/fr-be\/wp-json\/wp\/v2\/media?parent=3164"}],"wp:term":[{"taxonomy":"product_cat","embeddable":true,"href":"https:\/\/dasty.com\/fr-be\/wp-json\/wp\/v2\/product_cat?post=3164"},{"taxonomy":"product_tag","embeddable":true,"href":"https:\/\/dasty.com\/fr-be\/wp-json\/wp\/v2\/product_tag?post=3164"}],"curies":[{"name":"wp","href":"https:\/\/api.w.org\/{rel}","templated":true}]}}