{"id":3133,"date":"2022-03-09T13:55:51","date_gmt":"2022-03-09T13:55:51","guid":{"rendered":"https:\/\/www.dasty.com\/prodotto\/dasty-deep-hygiene-kitchen-bathroom\/"},"modified":"2026-04-03T08:34:09","modified_gmt":"2026-04-03T08:34:09","slug":"kitchen-bathroom-deep-clean","status":"publish","type":"product","link":"https:\/\/dasty.com\/fr-be\/prodotto\/kitchen-bathroom-deep-clean\/","title":{"rendered":"Dasty Kitchen &#038; Bathroom with Bleach"},"content":{"rendered":"","protected":false},"excerpt":{"rendered":"<h4>Qu&rsquo;est-ce que<\/h4>\n<p>DASTY CUISINE &amp; SALLE DE BAIN AVEC JAVEL est un d\u00e9tergent concentr\u00e9, sp\u00e9cifique pour la cuisine et la salle de bain, qui assure un nettoyage en profondeur des surfaces dures. Gr\u00e2ce \u00e0 sa formule qui renforce l&rsquo;efficacit\u00e9 de l&rsquo;eau de Javel, il est id\u00e9al pour le nettoyage des \u00e9viers, r\u00e9frig\u00e9rateurs, carrelages, baignoires, sanitaires, plans de douche, meubles de jardin et poubelles.<\/p>\n<h4>Comment utiliser<\/h4>\n<p>Vaporisez le produit \u00e0 environ 20 cm de la surface \u00e0 nettoyer et essuyez avec un chiffon ou une \u00e9ponge humide. En cas de salissures tenaces ou d&rsquo;odeurs persistantes, laissez agir le produit quelques minutes. [&#8230;]<\/p>\n<p><a class=\"btn btn-secondary understrap-read-more-link\" href=\"https:\/\/dasty.com\/fr-be\/prodotto\/kitchen-bathroom-deep-clean\/\">Read More&#8230;<\/a><\/p>\n","protected":false},"featured_media":24525,"comment_status":"open","ping_status":"closed","template":"","meta":[],"product_cat":[457,461,465],"product_tag":[],"class_list":["post-3133","product","type-product","status-publish","has-post-thumbnail","hentry","product_cat-tous-les-produits-fr-be","product_cat-entretien-interieur-de-la-maison-fr-be","product_cat-entretien-exterieur-de-la-maison-fr-be"],"_links":{"self":[{"href":"https:\/\/dasty.com\/fr-be\/wp-json\/wp\/v2\/product\/3133","targetHints":{"allow":["GET"]}}],"collection":[{"href":"https:\/\/dasty.com\/fr-be\/wp-json\/wp\/v2\/product"}],"about":[{"href":"https:\/\/dasty.com\/fr-be\/wp-json\/wp\/v2\/types\/product"}],"replies":[{"embeddable":true,"href":"https:\/\/dasty.com\/fr-be\/wp-json\/wp\/v2\/comments?post=3133"}],"wp:featuredmedia":[{"embeddable":true,"href":"https:\/\/dasty.com\/fr-be\/wp-json\/wp\/v2\/media\/24525"}],"wp:attachment":[{"href":"https:\/\/dasty.com\/fr-be\/wp-json\/wp\/v2\/media?parent=3133"}],"wp:term":[{"taxonomy":"product_cat","embeddable":true,"href":"https:\/\/dasty.com\/fr-be\/wp-json\/wp\/v2\/product_cat?post=3133"},{"taxonomy":"product_tag","embeddable":true,"href":"https:\/\/dasty.com\/fr-be\/wp-json\/wp\/v2\/product_tag?post=3133"}],"curies":[{"name":"wp","href":"https:\/\/api.w.org\/{rel}","templated":true}]}}