{"id":2888,"date":"2022-03-10T09:05:28","date_gmt":"2022-03-10T09:05:28","guid":{"rendered":"https:\/\/www.dasty.com\/prodotto\/dasty-gel-toilet-care-with-bleach\/"},"modified":"2026-04-03T12:31:46","modified_gmt":"2026-04-03T12:31:46","slug":"dasty-gel-toilet-care-with-bleach-2","status":"publish","type":"product","link":"https:\/\/dasty.com\/fr-be\/prodotto\/dasty-gel-toilet-care-with-bleach-2\/","title":{"rendered":"Dasty Gel Toilet Care | with Bleach"},"content":{"rendered":"","protected":false},"excerpt":{"rendered":"<h4>Qu&rsquo;est-ce que<\/h4>\n<p>DASTY GEL TOILET CARE WITH BLEACH, gr\u00e2ce \u00e0 l&rsquo;action de l&rsquo;eau de Javel, nettoie en profondeur et rend les parois des toilettes blanches et brillantes. Id\u00e9al non seulement pour la cuvette mais pour tous les accessoires de salle de bain et les joints entre les carreaux.<\/p>\n<h4>Comment utiliser<\/h4>\n<p>Pour ouvrir, appuyez sur les c\u00f4t\u00e9s du buchon aux points indiqu\u00e9s et d\u00e9vissez. TOILETTE: versez sous le rebord et sur les parois de la cuvette. Laisser agir au moins 30 minutes. SANITAIRES ET AUTRES SURFACES: verser le produit sur la surface, passer avec une \u00e9ponge et rincer. [&#8230;]<\/p>\n<p><a class=\"btn btn-secondary understrap-read-more-link\" href=\"https:\/\/dasty.com\/fr-be\/prodotto\/dasty-gel-toilet-care-with-bleach-2\/\">Read More&#8230;<\/a><\/p>\n","protected":false},"featured_media":24631,"comment_status":"open","ping_status":"closed","template":"","meta":[],"product_cat":[457,461],"product_tag":[],"class_list":["post-2888","product","type-product","status-publish","has-post-thumbnail","hentry","product_cat-tous-les-produits-fr-be","product_cat-entretien-interieur-de-la-maison-fr-be"],"_links":{"self":[{"href":"https:\/\/dasty.com\/fr-be\/wp-json\/wp\/v2\/product\/2888","targetHints":{"allow":["GET"]}}],"collection":[{"href":"https:\/\/dasty.com\/fr-be\/wp-json\/wp\/v2\/product"}],"about":[{"href":"https:\/\/dasty.com\/fr-be\/wp-json\/wp\/v2\/types\/product"}],"replies":[{"embeddable":true,"href":"https:\/\/dasty.com\/fr-be\/wp-json\/wp\/v2\/comments?post=2888"}],"wp:featuredmedia":[{"embeddable":true,"href":"https:\/\/dasty.com\/fr-be\/wp-json\/wp\/v2\/media\/24631"}],"wp:attachment":[{"href":"https:\/\/dasty.com\/fr-be\/wp-json\/wp\/v2\/media?parent=2888"}],"wp:term":[{"taxonomy":"product_cat","embeddable":true,"href":"https:\/\/dasty.com\/fr-be\/wp-json\/wp\/v2\/product_cat?post=2888"},{"taxonomy":"product_tag","embeddable":true,"href":"https:\/\/dasty.com\/fr-be\/wp-json\/wp\/v2\/product_tag?post=2888"}],"curies":[{"name":"wp","href":"https:\/\/api.w.org\/{rel}","templated":true}]}}