{"id":2879,"date":"2022-03-10T09:21:34","date_gmt":"2022-03-10T09:21:34","guid":{"rendered":"https:\/\/www.dasty.com\/prodotto\/dasty-gel-toilet-care-powerful-descaling\/"},"modified":"2026-03-16T13:54:43","modified_gmt":"2026-03-16T13:54:43","slug":"dasty-gel-toilet-care-powerful-descaling-2","status":"publish","type":"product","link":"https:\/\/dasty.com\/fr-be\/prodotto\/dasty-gel-toilet-care-powerful-descaling-2\/","title":{"rendered":"Dasty Gel Toilet Care | Powerful Descaling"},"content":{"rendered":"","protected":false},"excerpt":{"rendered":"<h4>Qu&rsquo;est-ce que<\/h4>\n<p>DASTY GEL TOILET CARE POWERFUL DESCALING \u00e9limine 100 % du calcaire laissant vos toilettes parfaitement propres et brillantes. Sa puissante formule gel agit \u00e9galement en dessous du niveau de l&rsquo;eau.<\/p>\n<h4>Comment utiliser<\/h4>\n<p>A utiliser exclusivement pour les WC. Appuyez sur les c\u00f4t\u00e9s du capuchon aux points indiqu\u00e9s et d\u00e9vissez. Versez g\u00e9n\u00e9reusement le produit sous le rebord et sur les parois des toilettes et laissez agir le produit au moins une heure. [&#8230;]<\/p>\n<p><a class=\"btn btn-secondary understrap-read-more-link\" href=\"https:\/\/dasty.com\/fr-be\/prodotto\/dasty-gel-toilet-care-powerful-descaling-2\/\">Read More&#8230;<\/a><\/p>\n","protected":false},"featured_media":6971,"comment_status":"open","ping_status":"closed","template":"","meta":[],"product_cat":[457,461],"product_tag":[],"class_list":["post-2879","product","type-product","status-publish","has-post-thumbnail","hentry","product_cat-tous-les-produits-fr-be","product_cat-entretien-interieur-de-la-maison-fr-be"],"_links":{"self":[{"href":"https:\/\/dasty.com\/fr-be\/wp-json\/wp\/v2\/product\/2879","targetHints":{"allow":["GET"]}}],"collection":[{"href":"https:\/\/dasty.com\/fr-be\/wp-json\/wp\/v2\/product"}],"about":[{"href":"https:\/\/dasty.com\/fr-be\/wp-json\/wp\/v2\/types\/product"}],"replies":[{"embeddable":true,"href":"https:\/\/dasty.com\/fr-be\/wp-json\/wp\/v2\/comments?post=2879"}],"wp:featuredmedia":[{"embeddable":true,"href":"https:\/\/dasty.com\/fr-be\/wp-json\/wp\/v2\/media\/6971"}],"wp:attachment":[{"href":"https:\/\/dasty.com\/fr-be\/wp-json\/wp\/v2\/media?parent=2879"}],"wp:term":[{"taxonomy":"product_cat","embeddable":true,"href":"https:\/\/dasty.com\/fr-be\/wp-json\/wp\/v2\/product_cat?post=2879"},{"taxonomy":"product_tag","embeddable":true,"href":"https:\/\/dasty.com\/fr-be\/wp-json\/wp\/v2\/product_tag?post=2879"}],"curies":[{"name":"wp","href":"https:\/\/api.w.org\/{rel}","templated":true}]}}