{"id":2867,"date":"2022-03-10T09:25:30","date_gmt":"2022-03-10T09:25:30","guid":{"rendered":"https:\/\/www.dasty.com\/prodotto\/dasty-dishwasher-care\/"},"modified":"2024-10-05T09:52:11","modified_gmt":"2024-10-05T09:52:11","slug":"dasty-dishwasher-care-2","status":"publish","type":"product","link":"https:\/\/dasty.com\/fr-be\/prodotto\/dasty-dishwasher-care-2\/","title":{"rendered":"Dasty Dish and Washing Machine Cleaner"},"content":{"rendered":"","protected":false},"excerpt":{"rendered":"<h4>Qu&rsquo;est-ce que<\/h4>\n<p>Nettoyant Lave-vaisselle et Lave-linge<br \/>\n1. Enl\u00e8ve la salet\u00e9 et les d\u00e9bris des pi\u00e8ces internes<br \/>\n2. \u00c9limine les mauvaises odeurs et d\u00e9gage un parfum agr\u00e9able<br \/>\n3. Emp\u00eache les dommages aux pi\u00e8ces m\u00e9caniques et hydrauliques<br \/>\nUTILISEZ-LE 1 FOIS PAR MOIS<\/p>\n<h4>Comment utiliser<\/h4>\n<p>L&rsquo;op\u00e9ration doit \u00eatre effectu\u00e9e avec le lave-vaisselle vide. D\u00e9collez uniquement la petite \u00e9tiquette adh\u00e9sive situ\u00e9e au-dessus du capuchon sans le d\u00e9visser.. Ins\u00e9rez la bouteille \u00e0 l&rsquo;envers, positionnez-la et lancez un cycle de lavage \u00e0 haute temp\u00e9rature.<br \/>\nENTRETIEN DU LAVE-LINGE : Videz le lave-linge. Versez quelques gouttes de produit sur une \u00e9ponge et lavez manuellement le compartiment \u00e0 d\u00e9tergent et les \u00e9ventuels r\u00e9sidus de salet\u00e9 du joint de la porte. Versez tout le reste dans le bac \u00e0 lessive et effectuez un lavage \u00e0 vide \u00e0 60\u00b0.<\/p>\n<p><a href=\"https:\/\/www.youtube.com\/shorts\/McBhlxrrDls\"><strong>VISIONNER LES TUTORIELS<\/strong><\/a> [&#8230;]<\/p>\n<p><a class=\"btn btn-secondary understrap-read-more-link\" href=\"https:\/\/dasty.com\/fr-be\/prodotto\/dasty-dishwasher-care-2\/\">Read More&#8230;<\/a><\/p>\n","protected":false},"featured_media":9047,"comment_status":"open","ping_status":"closed","template":"","meta":[],"product_cat":[457,461],"product_tag":[],"class_list":["post-2867","product","type-product","status-publish","has-post-thumbnail","hentry","product_cat-tous-les-produits-fr-be","product_cat-entretien-interieur-de-la-maison-fr-be"],"_links":{"self":[{"href":"https:\/\/dasty.com\/fr-be\/wp-json\/wp\/v2\/product\/2867","targetHints":{"allow":["GET"]}}],"collection":[{"href":"https:\/\/dasty.com\/fr-be\/wp-json\/wp\/v2\/product"}],"about":[{"href":"https:\/\/dasty.com\/fr-be\/wp-json\/wp\/v2\/types\/product"}],"replies":[{"embeddable":true,"href":"https:\/\/dasty.com\/fr-be\/wp-json\/wp\/v2\/comments?post=2867"}],"wp:featuredmedia":[{"embeddable":true,"href":"https:\/\/dasty.com\/fr-be\/wp-json\/wp\/v2\/media\/9047"}],"wp:attachment":[{"href":"https:\/\/dasty.com\/fr-be\/wp-json\/wp\/v2\/media?parent=2867"}],"wp:term":[{"taxonomy":"product_cat","embeddable":true,"href":"https:\/\/dasty.com\/fr-be\/wp-json\/wp\/v2\/product_cat?post=2867"},{"taxonomy":"product_tag","embeddable":true,"href":"https:\/\/dasty.com\/fr-be\/wp-json\/wp\/v2\/product_tag?post=2867"}],"curies":[{"name":"wp","href":"https:\/\/api.w.org\/{rel}","templated":true}]}}